{"id":22988,"date":"2025-06-13T07:26:33","date_gmt":"2025-06-13T05:26:33","guid":{"rendered":"https:\/\/oxygenwellness.hu\/?page_id=22988"},"modified":"2025-07-21T12:34:51","modified_gmt":"2025-07-21T10:34:51","slug":"power-mode","status":"publish","type":"page","link":"https:\/\/oxygenwellness.hu\/en\/shop\/ajandekutalvany\/power-mode\/","title":{"rendered":"Power Mode"},"content":{"rendered":"\t\t<div data-elementor-type=\"wp-page\" data-elementor-id=\"22988\" class=\"elementor elementor-22988\" data-elementor-post-type=\"page\">\n\t\t\t\t<div class=\"elementor-element elementor-element-1c166176 e-con-full e-flex e-con e-parent\" data-id=\"1c166176\" data-element_type=\"container\" data-e-type=\"container\">\n\t\t<div class=\"elementor-element elementor-element-4c49d880 e-con-full e-flex e-con e-child\" data-id=\"4c49d880\" data-element_type=\"container\" data-e-type=\"container\" data-settings=\"{&quot;sticky&quot;:&quot;top&quot;,&quot;sticky_parent&quot;:&quot;yes&quot;,&quot;sticky_on&quot;:[&quot;desktop&quot;],&quot;sticky_offset&quot;:0,&quot;sticky_effects_offset&quot;:0,&quot;sticky_anchor_link_offset&quot;:0}\">\n\t\t<div class=\"elementor-element elementor-element-68e50af0 e-con-full e-flex e-con e-child\" data-id=\"68e50af0\" data-element_type=\"container\" data-e-type=\"container\">\n\t\t\t\t<div class=\"elementor-element elementor-element-91245fa elementor-widget elementor-widget-shortcode\" data-id=\"91245fa\" data-element_type=\"widget\" data-e-type=\"widget\" data-widget_type=\"shortcode.default\">\n\t\t\t\t<div class=\"elementor-widget-container\">\n\t\t\t\t\t\t\t<div class=\"elementor-shortcode\">    <ul class=\"custom-category-filter\">\r\n                    <li class=\"\">\r\n                <a href=\"https:\/\/oxygenwellness.hu\/en\/termek-kategoria\/belepojegyek-berletek\/\">\r\n                    Bel\u00e9p\u0151jegyek \/ B\u00e9rletek                    <span class=\"count\">8<\/span>\r\n                <\/a>\r\n            <\/li>\r\n                    <li class=\"\">\r\n                <a href=\"https:\/\/oxygenwellness.hu\/en\/termek-kategoria\/masszazs-wellness-kezelesek\/\">\r\n                    Massz\u00e1zs \/ Wellness kezel\u00e9sek                    <span class=\"count\">19<\/span>\r\n                <\/a>\r\n            <\/li>\r\n                    <li class=\"\">\r\n                <a href=\"https:\/\/oxygenwellness.hu\/en\/termek-kategoria\/ajandekutalvanyok\/\">\r\n                    Aj\u00e1nd\u00e9kutalv\u00e1nyaink                    <span class=\"count\">16<\/span>\r\n                <\/a>\r\n            <\/li>\r\n                    <li class=\"\">\r\n                <a href=\"https:\/\/oxygenwellness.hu\/en\/termek-kategoria\/ajanlataink-noknek\/\">\r\n                    Aj\u00e1nlataink N\u0151knek                    <span class=\"count\">4<\/span>\r\n                <\/a>\r\n            <\/li>\r\n                    <li class=\"\">\r\n                <a href=\"https:\/\/oxygenwellness.hu\/en\/termek-kategoria\/ajanlataink-ferfiaknak\/\">\r\n                    Aj\u00e1nlataink F\u00e9rfiaknak                    <span class=\"count\">4<\/span>\r\n                <\/a>\r\n            <\/li>\r\n                    <li class=\"\">\r\n                <a href=\"https:\/\/oxygenwellness.hu\/en\/termek-kategoria\/paros-feltoltodes\/\">\r\n                    P\u00e1ros felt\u00f6lt\u0151d\u00e9s                    <span class=\"count\">3<\/span>\r\n                <\/a>\r\n            <\/li>\r\n                    <li class=\"\">\r\n                <a href=\"https:\/\/oxygenwellness.hu\/en\/termek-kategoria\/fit-csomagok\/\">\r\n                    Fit csomagok                    <span class=\"count\">5<\/span>\r\n                <\/a>\r\n            <\/li>\r\n                <li class=\"\">\r\n            <a href=\"https:\/\/oxygenwellness.hu\/en\/shop\/\">\r\n                Teljes \u00e9lm\u00e9nyk\u00edn\u00e1latunk\r\n            <\/a>\r\n        <\/li>\r\n    <\/ul>\r\n    <\/div>\n\t\t\t\t\t\t<\/div>\n\t\t\t\t<\/div>\n\t\t\t\t<\/div>\n\t\t\t\t<\/div>\n\t\t<div class=\"elementor-element elementor-element-5515c6f2 e-con-full e-flex e-con e-child\" data-id=\"5515c6f2\" data-element_type=\"container\" data-e-type=\"container\">\n\t\t<div class=\"elementor-element elementor-element-3d414803 e-con-full e-flex e-con e-child\" data-id=\"3d414803\" data-element_type=\"container\" data-e-type=\"container\">\n\t\t\t\t<div class=\"elementor-element elementor-element-600328e4 elementor-widget elementor-widget-heading\" data-id=\"600328e4\" data-element_type=\"widget\" data-e-type=\"widget\" data-widget_type=\"heading.default\">\n\t\t\t\t<div class=\"elementor-widget-container\">\n\t\t\t\t\t<h2 class=\"elementor-heading-title elementor-size-default\">Power Mode<\/h2>\t\t\t\t<\/div>\n\t\t\t\t<\/div>\n\t\t\t\t<div class=\"elementor-element elementor-element-7919ed7 elementor-widget elementor-widget-text-editor\" data-id=\"7919ed7\" data-element_type=\"widget\" data-e-type=\"widget\" data-widget_type=\"text-editor.default\">\n\t\t\t\t<div class=\"elementor-widget-container\">\n\t\t\t\t\t\t\t\t\tAj\u00e1nd\u00e9kozz lend\u00fcletet! Mert az er\u0151 tudatos d\u00f6nt\u00e9ssel kezd\u0151dik.\r\n\r\nA Power Mode csomag ide\u00e1lis aj\u00e1nd\u00e9k annak, aki szeretne szintet l\u00e9pni mozg\u00e1sban, kitart\u00e1sban \u00e9s figyelemben \u00f6nmag\u00e1ra.\r\n12 h\u00f3napos vagy 100 alkalmas b\u00e9rlet, 12 szem\u00e9lyi edz\u00e9s, 6 regener\u00e1l\u00f3 massz\u00e1zs \u00e9s 10+1 kriokamra alkalom biztos\u00edtja a fejl\u0151d\u00e9st \u00e9s a felt\u00f6lt\u0151d\u00e9st.\r\nEz az aj\u00e1nd\u00e9k nemcsak motiv\u00e1l, hanem t\u00e1mogat is minden egyes l\u00e9p\u00e9sn\u00e9l.\t\t\t\t\t\t\t\t<\/div>\n\t\t\t\t<\/div>\n\t\t\t\t<\/div>\n\t\t<div class=\"elementor-element elementor-element-1a05ab04 e-con-full e-flex e-con e-child\" data-id=\"1a05ab04\" data-element_type=\"container\" data-e-type=\"container\">\n\t\t<div class=\"elementor-element elementor-element-675f8c7 e-con-full e-flex e-con e-child\" data-id=\"675f8c7\" data-element_type=\"container\" data-e-type=\"container\" data-settings=\"{&quot;background_background&quot;:&quot;classic&quot;}\">\n\t\t\t\t<\/div>\n\t\t<div class=\"elementor-element elementor-element-291a6f5f e-con-full e-flex e-con e-child\" data-id=\"291a6f5f\" data-element_type=\"container\" data-e-type=\"container\">\n\t\t\t\t<div class=\"elementor-element elementor-element-4e409b37 elementor-widget elementor-widget-heading\" data-id=\"4e409b37\" data-element_type=\"widget\" data-e-type=\"widget\" data-widget_type=\"heading.default\">\n\t\t\t\t<div class=\"elementor-widget-container\">\n\t\t\t\t\t<h2 class=\"elementor-heading-title elementor-size-default\"><span class=\"woocommerce-Price-amount amount\">899.000<span class=\"woocommerce-Price-currencySymbol\">&#070;&#116;<\/span><\/span><\/h2>\t\t\t\t<\/div>\n\t\t\t\t<\/div>\n\t\t\t\t<div class=\"elementor-element elementor-element-6ce308ba elementor-widget elementor-widget-heading\" data-id=\"6ce308ba\" data-element_type=\"widget\" data-e-type=\"widget\" data-widget_type=\"heading.default\">\n\t\t\t\t<div class=\"elementor-widget-container\">\n\t\t\t\t\t<h2 class=\"elementor-heading-title elementor-size-default\">Az utalv\u00e1ny tartalma:<\/h2>\t\t\t\t<\/div>\n\t\t\t\t<\/div>\n\t\t\t\t<div class=\"elementor-element elementor-element-404cf7e4 elementor-widget elementor-widget-text-editor\" data-id=\"404cf7e4\" data-element_type=\"widget\" data-e-type=\"widget\" data-widget_type=\"text-editor.default\">\n\t\t\t\t<div class=\"elementor-widget-container\">\n\t\t\t\t\t\t\t\t\t<ul>\r\n \t<li>12 havi b\u00e9rlet \/ 100 alkalmas b\u00e9rlet (Az \u00d6n v\u00e1laszt\u00e1s\u00e1ra b\u00edzzuk.)<span class=\"Apple-converted-space\">\u00a0<\/span><\/li>\r\n \t<li>12 alkalom &#8211; Szem\u00e9lyi edz\u00e9s<\/li>\r\n \t<li>6 alkalom &#8211; 50 perces massz\u00e1zs<\/li>\r\n \t<li>10+1 alkalom Krioter\u00e1pia a Superhuman Centerben<\/li>\r\n<\/ul>\t\t\t\t\t\t\t\t<\/div>\n\t\t\t\t<\/div>\n\t\t\t\t<div class=\"elementor-element elementor-element-7458d8cb elementor-widget elementor-widget-button\" data-id=\"7458d8cb\" data-element_type=\"widget\" data-e-type=\"widget\" data-widget_type=\"button.default\">\n\t\t\t\t<div class=\"elementor-widget-container\">\n\t\t\t\t\t\t\t\t\t<div class=\"elementor-button-wrapper\">\n\t\t\t\t\t<a class=\"elementor-button elementor-button-link elementor-size-sm\" href=\"\/shop\/ajandekutalvany\/power-mode\/extrak\/\">\n\t\t\t\t\t\t<span class=\"elementor-button-content-wrapper\">\n\t\t\t\t\t\t\t\t\t<span class=\"elementor-button-text\">MEGRENDELEM<\/span>\n\t\t\t\t\t<\/span>\n\t\t\t\t\t<\/a>\n\t\t\t\t<\/div>\n\t\t\t\t\t\t\t\t<\/div>\n\t\t\t\t<\/div>\n\t\t\t\t<\/div>\n\t\t\t\t<\/div>\n\t\t<div class=\"elementor-element elementor-element-478e9cd7 e-con-full e-flex e-con e-child\" data-id=\"478e9cd7\" data-element_type=\"container\" data-e-type=\"container\">\n\t\t\t\t<div class=\"elementor-element elementor-element-6fa8ea7c elementor-align-justify elementor-widget elementor-widget-button\" data-id=\"6fa8ea7c\" data-element_type=\"widget\" data-e-type=\"widget\" data-widget_type=\"button.default\">\n\t\t\t\t<div class=\"elementor-widget-container\">\n\t\t\t\t\t\t\t\t\t<div class=\"elementor-button-wrapper\">\n\t\t\t\t\t<a class=\"elementor-button elementor-button-link elementor-size-sm\" href=\"\/shop\/ajandekutalvany\/power-mode\/extrak\/\">\n\t\t\t\t\t\t<span class=\"elementor-button-content-wrapper\">\n\t\t\t\t\t\t\t\t\t<span class=\"elementor-button-text\">MEGRENDELEM<\/span>\n\t\t\t\t\t<\/span>\n\t\t\t\t\t<\/a>\n\t\t\t\t<\/div>\n\t\t\t\t\t\t\t\t<\/div>\n\t\t\t\t<\/div>\n\t\t\t\t<div class=\"elementor-element elementor-element-4e0cae29 elementor-widget elementor-widget-text-editor\" data-id=\"4e0cae29\" data-element_type=\"widget\" data-e-type=\"widget\" data-widget_type=\"text-editor.default\">\n\t\t\t\t<div class=\"elementor-widget-container\">\n\t\t\t\t\t\t\t\t\t<p>A k\u00f6vetkez\u0151 l\u00e9p\u00e9sben tudja szem\u00e9lyre szabni az utalv\u00e1nyt.<\/p>\t\t\t\t\t\t\t\t<\/div>\n\t\t\t\t<\/div>\n\t\t\t\t<\/div>\n\t\t\t\t<\/div>\n\t\t\t\t<\/div>\n\t\t\t\t<\/div>\n\t\t","protected":false},"excerpt":{"rendered":"<p>Az utalv\u00e1ny tartalma: MEGRENDELEM Megrendel\u00e9s Az utalv\u00e1ny online \u00e9s szem\u00e9lyesen is megv\u00e1s\u00e1rolhat\u00f3 nyitvatart\u00e1si id\u0151ben az Oxygen Wellnes Naphegyen. Az utalv\u00e1ny megv\u00e1s\u00e1rolhat\u00f3 csak digit\u00e1lis form\u00e1tumban is, \u00edgy fizik\u00e1lis utalv\u00e1ny nem j\u00e1r a szem\u00e9lyes\/online v\u00e1s\u00e1rl\u00e1s mell\u00e9.(Az online v\u00e1s\u00e1rolt utalv\u00e1nyt 1 h\u00e9ten bel\u00fcl \u00e1tadjuk fut\u00e1runknak, aki 2 napon bel\u00fcl kisz\u00e1ll\u00edtja a megadott c\u00edmre.) Felhaszn\u00e1l\u00e1s El\u0151zetes id\u0151pontfoglal\u00e1s sz\u00fcks\u00e9ges az [&hellip;]<\/p>\n","protected":false},"author":3,"featured_media":0,"parent":22748,"menu_order":0,"comment_status":"closed","ping_status":"closed","template":"","meta":{"_acf_changed":false,"footnotes":""},"class_list":["post-22988","page","type-page","status-publish","hentry"],"acf":[],"_links":{"self":[{"href":"https:\/\/oxygenwellness.hu\/en\/wp-json\/wp\/v2\/pages\/22988","targetHints":{"allow":["GET"]}}],"collection":[{"href":"https:\/\/oxygenwellness.hu\/en\/wp-json\/wp\/v2\/pages"}],"about":[{"href":"https:\/\/oxygenwellness.hu\/en\/wp-json\/wp\/v2\/types\/page"}],"author":[{"embeddable":true,"href":"https:\/\/oxygenwellness.hu\/en\/wp-json\/wp\/v2\/users\/3"}],"replies":[{"embeddable":true,"href":"https:\/\/oxygenwellness.hu\/en\/wp-json\/wp\/v2\/comments?post=22988"}],"version-history":[{"count":0,"href":"https:\/\/oxygenwellness.hu\/en\/wp-json\/wp\/v2\/pages\/22988\/revisions"}],"up":[{"embeddable":true,"href":"https:\/\/oxygenwellness.hu\/en\/wp-json\/wp\/v2\/pages\/22748"}],"wp:attachment":[{"href":"https:\/\/oxygenwellness.hu\/en\/wp-json\/wp\/v2\/media?parent=22988"}],"curies":[{"name":"wp","href":"https:\/\/api.w.org\/{rel}","templated":true}]}}