{"id":22973,"date":"2025-06-12T13:53:52","date_gmt":"2025-06-12T11:53:52","guid":{"rendered":"https:\/\/oxygenwellness.hu\/?page_id=22973"},"modified":"2025-07-21T12:28:05","modified_gmt":"2025-07-21T10:28:05","slug":"fit-together","status":"publish","type":"page","link":"https:\/\/oxygenwellness.hu\/en\/shop\/ajandekutalvany\/fit-together\/","title":{"rendered":"Fit Together"},"content":{"rendered":"\t\t<div data-elementor-type=\"wp-page\" data-elementor-id=\"22973\" class=\"elementor elementor-22973\" data-elementor-post-type=\"page\">\n\t\t\t\t<div class=\"elementor-element elementor-element-9535f39 e-con-full e-flex e-con e-parent\" data-id=\"9535f39\" data-element_type=\"container\" data-e-type=\"container\">\n\t\t<div class=\"elementor-element elementor-element-1910a8ef e-con-full e-flex e-con e-child\" data-id=\"1910a8ef\" data-element_type=\"container\" data-e-type=\"container\" data-settings=\"{&quot;sticky&quot;:&quot;top&quot;,&quot;sticky_parent&quot;:&quot;yes&quot;,&quot;sticky_on&quot;:[&quot;desktop&quot;],&quot;sticky_offset&quot;:0,&quot;sticky_effects_offset&quot;:0,&quot;sticky_anchor_link_offset&quot;:0}\">\n\t\t<div class=\"elementor-element elementor-element-517912a4 e-con-full e-flex e-con e-child\" data-id=\"517912a4\" data-element_type=\"container\" data-e-type=\"container\">\n\t\t\t\t<div class=\"elementor-element elementor-element-1d696c1 elementor-widget elementor-widget-shortcode\" data-id=\"1d696c1\" data-element_type=\"widget\" data-e-type=\"widget\" data-widget_type=\"shortcode.default\">\n\t\t\t\t<div class=\"elementor-widget-container\">\n\t\t\t\t\t\t\t<div class=\"elementor-shortcode\">    <ul class=\"custom-category-filter\">\r\n                    <li class=\"\">\r\n                <a href=\"https:\/\/oxygenwellness.hu\/en\/termek-kategoria\/belepojegyek-berletek\/\">\r\n                    Bel\u00e9p\u0151jegyek \/ B\u00e9rletek                    <span class=\"count\">8<\/span>\r\n                <\/a>\r\n            <\/li>\r\n                    <li class=\"\">\r\n                <a href=\"https:\/\/oxygenwellness.hu\/en\/termek-kategoria\/masszazs-wellness-kezelesek\/\">\r\n                    Massz\u00e1zs \/ Wellness kezel\u00e9sek                    <span class=\"count\">19<\/span>\r\n                <\/a>\r\n            <\/li>\r\n                    <li class=\"\">\r\n                <a href=\"https:\/\/oxygenwellness.hu\/en\/termek-kategoria\/ajandekutalvanyok\/\">\r\n                    Aj\u00e1nd\u00e9kutalv\u00e1nyaink                    <span class=\"count\">16<\/span>\r\n                <\/a>\r\n            <\/li>\r\n                    <li class=\"\">\r\n                <a href=\"https:\/\/oxygenwellness.hu\/en\/termek-kategoria\/ajanlataink-noknek\/\">\r\n                    Aj\u00e1nlataink N\u0151knek                    <span class=\"count\">4<\/span>\r\n                <\/a>\r\n            <\/li>\r\n                    <li class=\"\">\r\n                <a href=\"https:\/\/oxygenwellness.hu\/en\/termek-kategoria\/ajanlataink-ferfiaknak\/\">\r\n                    Aj\u00e1nlataink F\u00e9rfiaknak                    <span class=\"count\">4<\/span>\r\n                <\/a>\r\n            <\/li>\r\n                    <li class=\"\">\r\n                <a href=\"https:\/\/oxygenwellness.hu\/en\/termek-kategoria\/paros-feltoltodes\/\">\r\n                    P\u00e1ros felt\u00f6lt\u0151d\u00e9s                    <span class=\"count\">3<\/span>\r\n                <\/a>\r\n            <\/li>\r\n                    <li class=\"\">\r\n                <a href=\"https:\/\/oxygenwellness.hu\/en\/termek-kategoria\/fit-csomagok\/\">\r\n                    Fit csomagok                    <span class=\"count\">5<\/span>\r\n                <\/a>\r\n            <\/li>\r\n                <li class=\"\">\r\n            <a href=\"https:\/\/oxygenwellness.hu\/en\/shop\/\">\r\n                Teljes \u00e9lm\u00e9nyk\u00edn\u00e1latunk\r\n            <\/a>\r\n        <\/li>\r\n    <\/ul>\r\n    <\/div>\n\t\t\t\t\t\t<\/div>\n\t\t\t\t<\/div>\n\t\t\t\t<\/div>\n\t\t\t\t<\/div>\n\t\t<div class=\"elementor-element elementor-element-30174a10 e-con-full e-flex e-con e-child\" data-id=\"30174a10\" data-element_type=\"container\" data-e-type=\"container\">\n\t\t<div class=\"elementor-element elementor-element-11475e5c e-con-full e-flex e-con e-child\" data-id=\"11475e5c\" data-element_type=\"container\" data-e-type=\"container\">\n\t\t\t\t<div class=\"elementor-element elementor-element-4572612a elementor-widget elementor-widget-heading\" data-id=\"4572612a\" data-element_type=\"widget\" data-e-type=\"widget\" data-widget_type=\"heading.default\">\n\t\t\t\t<div class=\"elementor-widget-container\">\n\t\t\t\t\t<h2 class=\"elementor-heading-title elementor-size-default\">Fit Together<\/h2>\t\t\t\t<\/div>\n\t\t\t\t<\/div>\n\t\t\t\t<div class=\"elementor-element elementor-element-62441e9 elementor-widget elementor-widget-text-editor\" data-id=\"62441e9\" data-element_type=\"widget\" data-e-type=\"widget\" data-widget_type=\"text-editor.default\">\n\t\t\t\t<div class=\"elementor-widget-container\">\n\t\t\t\t\t\t\t\t\tAj\u00e1nd\u00e9kozz k\u00f6z\u00f6s motiv\u00e1ci\u00f3t \u2013 mert egy\u00fctt edzeni er\u0151sebb\u00e9 tesz k\u00edv\u00fcl-bel\u00fcl.\r\n\r\nA Fit Together csomag a p\u00e1ros edz\u00e9s\u00e9lm\u00e9nyr\u0151l sz\u00f3l: h\u00e1rom h\u00f3napos b\u00e9rlet, 24 k\u00f6z\u00f6s szem\u00e9lyi edz\u00e9s, 25 perces massz\u00e1zsok a felt\u00f6lt\u0151d\u00e9s\u00e9rt, valamint kriokamra \u00e9s v\u00f6r\u00f6s f\u00e9ny ter\u00e1pia a hat\u00e9kony regener\u00e1ci\u00f3\u00e9rt.\r\nEz a csomag nemcsak a testet form\u00e1lja, hanem a kapcsolatot is er\u0151s\u00edti.\t\t\t\t\t\t\t\t<\/div>\n\t\t\t\t<\/div>\n\t\t\t\t<\/div>\n\t\t<div class=\"elementor-element elementor-element-2f897fb2 e-con-full e-flex e-con e-child\" data-id=\"2f897fb2\" data-element_type=\"container\" data-e-type=\"container\">\n\t\t<div class=\"elementor-element elementor-element-6bf66e1c e-con-full e-flex e-con e-child\" data-id=\"6bf66e1c\" data-element_type=\"container\" data-e-type=\"container\" data-settings=\"{&quot;background_background&quot;:&quot;classic&quot;}\">\n\t\t\t\t<\/div>\n\t\t<div class=\"elementor-element elementor-element-9ecff76 e-con-full e-flex e-con e-child\" data-id=\"9ecff76\" data-element_type=\"container\" data-e-type=\"container\">\n\t\t\t\t<div class=\"elementor-element elementor-element-4e4cc554 elementor-widget elementor-widget-heading\" data-id=\"4e4cc554\" data-element_type=\"widget\" data-e-type=\"widget\" data-widget_type=\"heading.default\">\n\t\t\t\t<div class=\"elementor-widget-container\">\n\t\t\t\t\t<h2 class=\"elementor-heading-title elementor-size-default\"><span class=\"woocommerce-Price-amount amount\">429.000<span class=\"woocommerce-Price-currencySymbol\">&#070;&#116;<\/span><\/span><\/h2>\t\t\t\t<\/div>\n\t\t\t\t<\/div>\n\t\t\t\t<div class=\"elementor-element elementor-element-65a3257e elementor-widget elementor-widget-heading\" data-id=\"65a3257e\" data-element_type=\"widget\" data-e-type=\"widget\" data-widget_type=\"heading.default\">\n\t\t\t\t<div class=\"elementor-widget-container\">\n\t\t\t\t\t<h2 class=\"elementor-heading-title elementor-size-default\">Az utalv\u00e1ny tartalma:<\/h2>\t\t\t\t<\/div>\n\t\t\t\t<\/div>\n\t\t\t\t<div class=\"elementor-element elementor-element-6315aff4 elementor-widget elementor-widget-text-editor\" data-id=\"6315aff4\" data-element_type=\"widget\" data-e-type=\"widget\" data-widget_type=\"text-editor.default\">\n\t\t\t\t<div class=\"elementor-widget-container\">\n\t\t\t\t\t\t\t\t\t<ul>\r\n \t<li>20 alkalmas p\u00e1ros b\u00e9rlet<\/li>\r\n \t<li>10 alkalom &#8211; Szem\u00e9lyi edz\u00e9s<\/li>\r\n \t<li>6 alkalom &#8211; 50 perces massz\u00e1zs<\/li>\r\n \t<li>10-10 alkalom &#8211; Krioter\u00e1pia \/ V\u00f6r\u00f6sf\u00e9ny-ter\u00e1pia a Superhuman Centerben<\/li>\r\n<\/ul>\t\t\t\t\t\t\t\t<\/div>\n\t\t\t\t<\/div>\n\t\t\t\t<div class=\"elementor-element elementor-element-973dd95 elementor-widget elementor-widget-button\" data-id=\"973dd95\" data-element_type=\"widget\" data-e-type=\"widget\" data-widget_type=\"button.default\">\n\t\t\t\t<div class=\"elementor-widget-container\">\n\t\t\t\t\t\t\t\t\t<div class=\"elementor-button-wrapper\">\n\t\t\t\t\t<a class=\"elementor-button elementor-button-link elementor-size-sm\" href=\"\/shop\/ajandekutalvany\/fit-together\/extrak\/\">\n\t\t\t\t\t\t<span class=\"elementor-button-content-wrapper\">\n\t\t\t\t\t\t\t\t\t<span class=\"elementor-button-text\">MEGRENDELEM<\/span>\n\t\t\t\t\t<\/span>\n\t\t\t\t\t<\/a>\n\t\t\t\t<\/div>\n\t\t\t\t\t\t\t\t<\/div>\n\t\t\t\t<\/div>\n\t\t\t\t<\/div>\n\t\t\t\t<\/div>\n\t\t<div class=\"elementor-element elementor-element-ef98645 e-con-full e-flex e-con e-child\" data-id=\"ef98645\" data-element_type=\"container\" data-e-type=\"container\">\n\t\t\t\t<div class=\"elementor-element elementor-element-cc87d80 elementor-align-justify elementor-widget elementor-widget-button\" data-id=\"cc87d80\" data-element_type=\"widget\" data-e-type=\"widget\" data-widget_type=\"button.default\">\n\t\t\t\t<div class=\"elementor-widget-container\">\n\t\t\t\t\t\t\t\t\t<div class=\"elementor-button-wrapper\">\n\t\t\t\t\t<a class=\"elementor-button elementor-button-link elementor-size-sm\" href=\"\/shop\/ajandekutalvany\/fit-together\/extrak\/\">\n\t\t\t\t\t\t<span class=\"elementor-button-content-wrapper\">\n\t\t\t\t\t\t\t\t\t<span class=\"elementor-button-text\">MEGRENDELEM<\/span>\n\t\t\t\t\t<\/span>\n\t\t\t\t\t<\/a>\n\t\t\t\t<\/div>\n\t\t\t\t\t\t\t\t<\/div>\n\t\t\t\t<\/div>\n\t\t\t\t<div class=\"elementor-element elementor-element-414e929e elementor-widget elementor-widget-text-editor\" data-id=\"414e929e\" data-element_type=\"widget\" data-e-type=\"widget\" data-widget_type=\"text-editor.default\">\n\t\t\t\t<div class=\"elementor-widget-container\">\n\t\t\t\t\t\t\t\t\t<p>A k\u00f6vetkez\u0151 l\u00e9p\u00e9sben tudja szem\u00e9lyre szabni az utalv\u00e1nyt.<\/p>\t\t\t\t\t\t\t\t<\/div>\n\t\t\t\t<\/div>\n\t\t\t\t<\/div>\n\t\t\t\t<\/div>\n\t\t\t\t<\/div>\n\t\t\t\t<\/div>\n\t\t","protected":false},"excerpt":{"rendered":"<p>Az utalv\u00e1ny tartalma: MEGRENDELEM Megrendel\u00e9s Az utalv\u00e1ny online \u00e9s szem\u00e9lyesen is megv\u00e1s\u00e1rolhat\u00f3 nyitvatart\u00e1si id\u0151ben az Oxygen Wellnes Naphegyen. Az utalv\u00e1ny megv\u00e1s\u00e1rolhat\u00f3 csak digit\u00e1lis form\u00e1tumban is, \u00edgy fizik\u00e1lis utalv\u00e1ny nem j\u00e1r a szem\u00e9lyes\/online v\u00e1s\u00e1rl\u00e1s mell\u00e9.(Az online v\u00e1s\u00e1rolt utalv\u00e1nyt 1 h\u00e9ten bel\u00fcl \u00e1tadjuk fut\u00e1runknak, aki 2 napon bel\u00fcl kisz\u00e1ll\u00edtja a megadott c\u00edmre.) Felhaszn\u00e1l\u00e1s El\u0151zetes id\u0151pontfoglal\u00e1s sz\u00fcks\u00e9ges az [&hellip;]<\/p>\n","protected":false},"author":3,"featured_media":0,"parent":22748,"menu_order":0,"comment_status":"closed","ping_status":"closed","template":"","meta":{"_acf_changed":false,"footnotes":""},"class_list":["post-22973","page","type-page","status-publish","hentry"],"acf":[],"_links":{"self":[{"href":"https:\/\/oxygenwellness.hu\/en\/wp-json\/wp\/v2\/pages\/22973","targetHints":{"allow":["GET"]}}],"collection":[{"href":"https:\/\/oxygenwellness.hu\/en\/wp-json\/wp\/v2\/pages"}],"about":[{"href":"https:\/\/oxygenwellness.hu\/en\/wp-json\/wp\/v2\/types\/page"}],"author":[{"embeddable":true,"href":"https:\/\/oxygenwellness.hu\/en\/wp-json\/wp\/v2\/users\/3"}],"replies":[{"embeddable":true,"href":"https:\/\/oxygenwellness.hu\/en\/wp-json\/wp\/v2\/comments?post=22973"}],"version-history":[{"count":0,"href":"https:\/\/oxygenwellness.hu\/en\/wp-json\/wp\/v2\/pages\/22973\/revisions"}],"up":[{"embeddable":true,"href":"https:\/\/oxygenwellness.hu\/en\/wp-json\/wp\/v2\/pages\/22748"}],"wp:attachment":[{"href":"https:\/\/oxygenwellness.hu\/en\/wp-json\/wp\/v2\/media?parent=22973"}],"curies":[{"name":"wp","href":"https:\/\/api.w.org\/{rel}","templated":true}]}}