{"id":19020,"date":"2023-07-26T11:29:40","date_gmt":"2023-07-26T09:29:40","guid":{"rendered":"https:\/\/oxygenwellness.hu\/?page_id=19020"},"modified":"2023-07-26T11:40:51","modified_gmt":"2023-07-26T09:40:51","slug":"palyazatok","status":"publish","type":"page","link":"https:\/\/oxygenwellness.hu\/en\/palyazatok\/","title":{"rendered":"PROJECTS"},"content":{"rendered":"<div data-elementor-type=\"wp-page\" data-elementor-id=\"19020\" class=\"elementor elementor-19020\" data-elementor-post-type=\"page\">\n\t\t\t\t\t\t<section class=\"elementor-section elementor-top-section elementor-element elementor-element-36deb2e1 elementor-section-full_width elementor-section-stretched elementor-reverse-tablet elementor-reverse-mobile elementor-hidden-tablet elementor-hidden-mobile elementor-section-height-default elementor-section-height-default\" data-id=\"36deb2e1\" data-element_type=\"section\" data-e-type=\"section\" data-settings=\"{&quot;stretch_section&quot;:&quot;section-stretched&quot;}\">\n\t\t\t\t\t\t<div class=\"elementor-container elementor-column-gap-default\">\n\t\t\t\t\t<div class=\"elementor-column elementor-col-100 elementor-top-column elementor-element elementor-element-59df74f9\" data-id=\"59df74f9\" data-element_type=\"column\" data-e-type=\"column\">\n\t\t\t<div class=\"elementor-widget-wrap elementor-element-populated\">\n\t\t\t\t\t\t<div class=\"elementor-element elementor-element-62f4c693 elementor--h-position-center elementor--v-position-middle elementor-widget elementor-widget-slides\" data-id=\"62f4c693\" data-element_type=\"widget\" data-e-type=\"widget\" data-settings=\"{&quot;navigation&quot;:&quot;none&quot;,&quot;autoplay_speed&quot;:4000,&quot;transition&quot;:&quot;fade&quot;,&quot;autoplay&quot;:&quot;yes&quot;,&quot;infinite&quot;:&quot;yes&quot;,&quot;transition_speed&quot;:500}\" data-widget_type=\"slides.default\">\n\t\t\t\t<div class=\"elementor-widget-container\">\n\t\t\t\t\t\t\t\t\t<div class=\"elementor-swiper\">\n\t\t\t\t\t<div class=\"elementor-slides-wrapper elementor-main-swiper swiper\" role=\"region\" aria-roledescription=\"carousel\" aria-label=\"Slides\" dir=\"ltr\" data-animation=\"fadeInUp\" data-no-translation-aria-label=\"\">\n\t\t\t\t<div class=\"swiper-wrapper elementor-slides\">\n\t\t\t\t\t\t\t\t\t\t<div class=\"elementor-repeater-item-5878529 swiper-slide\" role=\"group\" aria-roledescription=\"slide\"><div class=\"swiper-slide-bg\" role=\"img\" aria-label=\"oxygen-wellness-naphegy-fooldal-4\"><\/div><div class=\"elementor-background-overlay\"><\/div><div class=\"swiper-slide-inner\" ><div class=\"swiper-slide-contents\"><div class=\"elementor-slide-heading\">PROJECTS<\/div><\/div><\/div><\/div>\t\t\t\t<\/div>\n\t\t\t\t\t\t\t<\/div>\n\t\t\t\t<\/div>\n\t\t\t\t\t\t\t\t<\/div>\n\t\t\t\t<\/div>\n\t\t\t\t\t<\/div>\n\t\t<\/div>\n\t\t\t\t\t<\/div>\n\t\t<\/section>\n\t\t\t\t<section class=\"elementor-section elementor-top-section elementor-element elementor-element-8647dc0 elementor-section-full_width elementor-section-stretched elementor-hidden-desktop elementor-section-height-default elementor-section-height-default\" data-id=\"8647dc0\" data-element_type=\"section\" data-e-type=\"section\" data-settings=\"{&quot;stretch_section&quot;:&quot;section-stretched&quot;,&quot;background_background&quot;:&quot;classic&quot;}\">\n\t\t\t\t\t\t<div class=\"elementor-container elementor-column-gap-default\">\n\t\t\t\t\t<div class=\"elementor-column elementor-col-100 elementor-top-column elementor-element elementor-element-7d67909\" data-id=\"7d67909\" data-element_type=\"column\" data-e-type=\"column\" data-settings=\"{&quot;background_background&quot;:&quot;classic&quot;}\">\n\t\t\t<div class=\"elementor-widget-wrap elementor-element-populated\">\n\t\t\t\t\t\t<div class=\"elementor-element elementor-element-fc22fe9 elementor--h-position-center elementor--v-position-middle elementor-widget elementor-widget-slides\" data-id=\"fc22fe9\" data-element_type=\"widget\" data-e-type=\"widget\" data-settings=\"{&quot;navigation&quot;:&quot;none&quot;,&quot;autoplay_speed&quot;:4000,&quot;transition&quot;:&quot;fade&quot;,&quot;autoplay&quot;:&quot;yes&quot;,&quot;infinite&quot;:&quot;yes&quot;,&quot;transition_speed&quot;:500}\" data-widget_type=\"slides.default\">\n\t\t\t\t<div class=\"elementor-widget-container\">\n\t\t\t\t\t\t\t\t\t<div class=\"elementor-swiper\">\n\t\t\t\t\t<div class=\"elementor-slides-wrapper elementor-main-swiper swiper\" role=\"region\" aria-roledescription=\"carousel\" aria-label=\"Slides\" dir=\"ltr\" data-animation=\"fadeInUp\" data-no-translation-aria-label=\"\">\n\t\t\t\t<div class=\"swiper-wrapper elementor-slides\">\n\t\t\t\t\t\t\t\t\t\t<div class=\"elementor-repeater-item-5878529 swiper-slide\" role=\"group\" aria-roledescription=\"slide\"><div class=\"swiper-slide-bg\" role=\"img\" aria-label=\"oxygen-wellness-naphegy-fooldal-4\"><\/div><div class=\"elementor-background-overlay\"><\/div><div class=\"swiper-slide-inner\" ><div class=\"swiper-slide-contents\"><div class=\"elementor-slide-heading\">PROJECTS<\/div><\/div><\/div><\/div>\t\t\t\t<\/div>\n\t\t\t\t\t\t\t<\/div>\n\t\t\t\t<\/div>\n\t\t\t\t\t\t\t\t<\/div>\n\t\t\t\t<\/div>\n\t\t\t\t\t<\/div>\n\t\t<\/div>\n\t\t\t\t\t<\/div>\n\t\t<\/section>\n\t\t\t\t<section class=\"elementor-section elementor-top-section elementor-element elementor-element-bd90afd elementor-section-boxed elementor-section-height-default elementor-section-height-default\" data-id=\"bd90afd\" data-element_type=\"section\" data-e-type=\"section\">\n\t\t\t\t\t\t<div class=\"elementor-container elementor-column-gap-default\">\n\t\t\t\t\t<div class=\"elementor-column elementor-col-100 elementor-top-column elementor-element elementor-element-1cd42ec\" data-id=\"1cd42ec\" data-element_type=\"column\" data-e-type=\"column\">\n\t\t\t<div class=\"elementor-widget-wrap elementor-element-populated\">\n\t\t\t\t\t\t<div class=\"elementor-element elementor-element-100864e elementor-widget elementor-widget-heading\" data-id=\"100864e\" data-element_type=\"widget\" data-e-type=\"widget\" data-widget_type=\"heading.default\">\n\t\t\t\t<div class=\"elementor-widget-container\">\n\t\t\t\t\t<h2 class=\"elementor-heading-title elementor-size-default\">Adaptive Innovation Development at Oxygen Wellness Center in Naphegy<\/h2>\t\t\t\t<\/div>\n\t\t\t\t<\/div>\n\t\t\t\t<div class=\"elementor-element elementor-element-7da7765 elementor-widget elementor-widget-text-editor\" data-id=\"7da7765\" data-element_type=\"widget\" data-e-type=\"widget\" data-widget_type=\"text-editor.default\">\n\t\t\t\t<div class=\"elementor-widget-container\">\n\t\t\t\t\t\t\t\t\t<p><b>Beneficiary Name:<\/b>OXYGEN NAPHEGY Limited Liability Company<\/p><p><b>Project Title:<\/b><b>:<\/b>\u00a0Adaptive Innovation Development at Oxygen Wellness Center in Naphegy<\/p><p><b>Amount of<\/b><b> Support:\u00a0<\/b>\u00a0\u00a019,964,880 HUF<br \/><b>Rate of Support (%):<\/b>\u00a060 %<\/p><p><b>Description of the Project Content:<\/b><\/p><p>Within the framework of the project, software and hardware developments have been implemented, which, according to our plans, can enhance our services and improve the comfort of our guests through the integration of various applications. In addition, within the scope of the project, we have developed protocols through specialized research for the use of newly acquired and existing rehabilitation equipment, making it more accessible and attractive to our users.<\/p><p>We have also modernized the access process and made it much safer with the new access control system, which has made the system more secure and controlled in terms of guest arrivals and departures, as well as the usage of our various services.<span class=\"Apple-converted-space\">\u00a0 <\/span>azt, hogy mikor \u00e9pp melyik szolg\u00e1ltat\u00e1sunkat haszn\u00e1lj\u00e1k.<\/p><p>As part of the project, equipment has been procured, including: 1 cross-winding, plate-loaded strength machine; 1 disc-loaded squat machine; 1 plate-loaded leg curl machine; 2 inner and outer thigh machines; 1 treadmill, 1 bench press, 1 cross-country skiing machine; 1 cross-country skiing stand; 1 professional bicycle.<span class=\"Apple-converted-space\">\u00a0 <\/span>Comb k\u00f6zel\u00edt\u0151 \u00e9s t\u00e1vol\u00edt\u00f3 g\u00e9p; 1db fut\u00f3pad, 1db fekvenyom\u00f3 pad, 1db s\u00edfut\u00f3 g\u00e9p; 1db s\u00edfut\u00f3 \u00e1llv\u00e1ny; 1db professzion\u00e1lis bicikli.<\/p><p><b>Project Completion Date:<\/b>\u00a02022.08.31.<\/p><p><b>Project Identification Number:<\/b>\u00a02020-1.1.1-KKV-START-2020-00311<\/p>\t\t\t\t\t\t\t\t<\/div>\n\t\t\t\t<\/div>\n\t\t\t\t<div class=\"elementor-element elementor-element-33d0cba elementor-widget elementor-widget-image\" data-id=\"33d0cba\" data-element_type=\"widget\" data-e-type=\"widget\" data-widget_type=\"image.default\">\n\t\t\t\t<div class=\"elementor-widget-container\">\n\t\t\t\t\t\t\t\t\t\t\t\t\t\t\t<img fetchpriority=\"high\" decoding=\"async\" width=\"326\" height=\"213\" src=\"https:\/\/oxygenwellness.hu\/wp-content\/uploads\/2023\/07\/Oxygen-Wellness-Palyazat.webp\" class=\"attachment-large size-large wp-image-19026\" alt=\"\" srcset=\"https:\/\/oxygenwellness.hu\/wp-content\/uploads\/2023\/07\/Oxygen-Wellness-Palyazat.webp 326w, https:\/\/oxygenwellness.hu\/wp-content\/uploads\/2023\/07\/Oxygen-Wellness-Palyazat-18x12.webp 18w\" sizes=\"(max-width: 326px) 100vw, 326px\" \/>\t\t\t\t\t\t\t\t\t\t\t\t\t\t\t<\/div>\n\t\t\t\t<\/div>\n\t\t\t\t\t<\/div>\n\t\t<\/div>\n\t\t\t\t\t<\/div>\n\t\t<\/section>\n\t\t\t\t<\/div>","protected":false},"excerpt":{"rendered":"<p>P\u00c1LY\u00c1ZATOK P\u00c1LY\u00c1ZATOK Adapt\u00edv innov\u00e1ci\u00f3s fejleszt\u00e9s a naphegyi Oxygen Wellness K\u00f6zpontban Kedvezm\u00e9nyezett neve: OXYGEN NAPHEGY Szolg\u00e1ltat\u00f3 Korl\u00e1tolt Felel\u0151ss\u00e9g\u0171 T\u00e1rsas\u00e1g A projekt c\u00edme:\u00a0Adapt\u00edv innov\u00e1ci\u00f3s fejleszt\u00e9s a naphegyi Oxygen Wellness K\u00f6zpontban T\u00e1mogat\u00e1s \u00f6sszege:\u00a0\u00a0\u00a019\u00a0964 880\u00a0 FtT\u00e1mogat\u00e1s m\u00e9rt\u00e9ke (%-ban):\u00a060 % A projekt tartalm\u00e1nak bemutat\u00e1sa: A projekt keret\u00e9ben megval\u00f3sult szoftveres \u00e9s hardveres fejleszt\u00e9sek, melyek terveink szerint a tov\u00e1bbiakban k\u00fcl\u00f6nf\u00e9le applik\u00e1ci\u00f3k integr\u00e1l\u00e1s\u00e1val [&hellip;]<\/p>\n","protected":false},"author":3,"featured_media":0,"parent":0,"menu_order":0,"comment_status":"closed","ping_status":"closed","template":"","meta":{"_acf_changed":false,"footnotes":""},"class_list":["post-19020","page","type-page","status-publish","hentry"],"acf":[],"_links":{"self":[{"href":"https:\/\/oxygenwellness.hu\/en\/wp-json\/wp\/v2\/pages\/19020","targetHints":{"allow":["GET"]}}],"collection":[{"href":"https:\/\/oxygenwellness.hu\/en\/wp-json\/wp\/v2\/pages"}],"about":[{"href":"https:\/\/oxygenwellness.hu\/en\/wp-json\/wp\/v2\/types\/page"}],"author":[{"embeddable":true,"href":"https:\/\/oxygenwellness.hu\/en\/wp-json\/wp\/v2\/users\/3"}],"replies":[{"embeddable":true,"href":"https:\/\/oxygenwellness.hu\/en\/wp-json\/wp\/v2\/comments?post=19020"}],"version-history":[{"count":0,"href":"https:\/\/oxygenwellness.hu\/en\/wp-json\/wp\/v2\/pages\/19020\/revisions"}],"wp:attachment":[{"href":"https:\/\/oxygenwellness.hu\/en\/wp-json\/wp\/v2\/media?parent=19020"}],"curies":[{"name":"wp","href":"https:\/\/api.w.org\/{rel}","templated":true}]}}