{"id":18935,"date":"2023-07-07T12:21:01","date_gmt":"2023-07-07T10:21:01","guid":{"rendered":"https:\/\/oxygenwellness.hu\/?page_id=18935"},"modified":"2026-03-24T09:33:46","modified_gmt":"2026-03-24T08:33:46","slug":"akacs-reka","status":"publish","type":"page","link":"https:\/\/oxygenwellness.hu\/en\/csapatunk\/akacs-reka\/","title":{"rendered":"Ak\u00e1cs R\u00e9ka"},"content":{"rendered":"<div data-elementor-type=\"wp-page\" data-elementor-id=\"18935\" class=\"elementor elementor-18935\" data-elementor-post-type=\"page\">\n\t\t\t\t\t\t<section class=\"elementor-section elementor-top-section elementor-element elementor-element-2ee3f588 elementor-section-boxed elementor-section-height-default elementor-section-height-default\" data-id=\"2ee3f588\" data-element_type=\"section\" data-e-type=\"section\">\n\t\t\t\t\t\t<div class=\"elementor-container elementor-column-gap-default\">\n\t\t\t\t\t<div class=\"elementor-column elementor-col-50 elementor-top-column elementor-element elementor-element-270bcd1d\" data-id=\"270bcd1d\" data-element_type=\"column\" data-e-type=\"column\">\n\t\t\t<div class=\"elementor-widget-wrap elementor-element-populated\">\n\t\t\t\t\t\t<div class=\"elementor-element elementor-element-34869451 elementor-widget elementor-widget-image\" data-id=\"34869451\" data-element_type=\"widget\" data-e-type=\"widget\" data-widget_type=\"image.default\">\n\t\t\t\t<div class=\"elementor-widget-container\">\n\t\t\t\t\t\t\t\t\t\t\t\t\t\t\t<img fetchpriority=\"high\" decoding=\"async\" width=\"819\" height=\"1024\" src=\"https:\/\/oxygenwellness.hu\/wp-content\/uploads\/2023\/07\/Oxygenwelness-edzoink-Akacs-Reka-1.webp\" class=\"attachment-full size-full wp-image-18929\" alt=\"\" srcset=\"https:\/\/oxygenwellness.hu\/wp-content\/uploads\/2023\/07\/Oxygenwelness-edzoink-Akacs-Reka-1.webp 819w, https:\/\/oxygenwellness.hu\/wp-content\/uploads\/2023\/07\/Oxygenwelness-edzoink-Akacs-Reka-1-600x750.webp 600w, https:\/\/oxygenwellness.hu\/wp-content\/uploads\/2023\/07\/Oxygenwelness-edzoink-Akacs-Reka-1-560x700.webp 560w, https:\/\/oxygenwellness.hu\/wp-content\/uploads\/2023\/07\/Oxygenwelness-edzoink-Akacs-Reka-1-768x960.webp 768w, https:\/\/oxygenwellness.hu\/wp-content\/uploads\/2023\/07\/Oxygenwelness-edzoink-Akacs-Reka-1-10x12.webp 10w\" sizes=\"(max-width: 819px) 100vw, 819px\" \/>\t\t\t\t\t\t\t\t\t\t\t\t\t\t\t<\/div>\n\t\t\t\t<\/div>\n\t\t\t\t\t<\/div>\n\t\t<\/div>\n\t\t\t\t<div class=\"elementor-column elementor-col-50 elementor-top-column elementor-element elementor-element-57b87ba1\" data-id=\"57b87ba1\" data-element_type=\"column\" data-e-type=\"column\">\n\t\t\t<div class=\"elementor-widget-wrap elementor-element-populated\">\n\t\t\t\t\t\t<div class=\"elementor-element elementor-element-58df9158 elementor-widget elementor-widget-heading\" data-id=\"58df9158\" data-element_type=\"widget\" data-e-type=\"widget\" data-widget_type=\"heading.default\">\n\t\t\t\t<div class=\"elementor-widget-container\">\n\t\t\t\t\t<h2 class=\"elementor-heading-title elementor-size-default\">R\u00c9KA AK\u00c1CS<\/h2>\t\t\t\t<\/div>\n\t\t\t\t<\/div>\n\t\t\t\t<div class=\"elementor-element elementor-element-6e7aefef elementor-widget elementor-widget-text-editor\" data-id=\"6e7aefef\" data-element_type=\"widget\" data-e-type=\"widget\" data-widget_type=\"text-editor.default\">\n\t\t\t\t<div class=\"elementor-widget-container\">\n\t\t\t\t\t\t\t\t\t<p>PERSONAL TRAINER<\/p>\t\t\t\t\t\t\t\t<\/div>\n\t\t\t\t<\/div>\n\t\t\t\t<div class=\"elementor-element elementor-element-4b004b5b elementor-widget elementor-widget-text-editor\" data-id=\"4b004b5b\" data-element_type=\"widget\" data-e-type=\"widget\" data-widget_type=\"text-editor.default\">\n\t\t\t\t<div class=\"elementor-widget-container\">\n\t\t\t\t\t\t\t\t\t<p>Health is the state of complete physical, mental, and social well-being, not merely the absence of disease. In my work, I strive to help my clients understand and achieve this state. I believe that shaping our bodies involves not only exercise but is primarily built on nutrition and recovery.<\/p>\t\t\t\t\t\t\t\t<\/div>\n\t\t\t\t<\/div>\n\t\t\t\t<div class=\"elementor-element elementor-element-29dabc18 elementor-widget elementor-widget-button\" data-id=\"29dabc18\" data-element_type=\"widget\" data-e-type=\"widget\" data-widget_type=\"button.default\">\n\t\t\t\t<div class=\"elementor-widget-container\">\n\t\t\t\t\t\t\t\t\t<div class=\"elementor-button-wrapper\">\n\t\t\t\t\t<a class=\"elementor-button elementor-button-link elementor-size-sm elementor-animation-shrink\" href=\"#le\">\n\t\t\t\t\t\t<span class=\"elementor-button-content-wrapper\">\n\t\t\t\t\t\t\t\t\t<span class=\"elementor-button-text\">MORE ABOUT ME<\/span>\n\t\t\t\t\t<\/span>\n\t\t\t\t\t<\/a>\n\t\t\t\t<\/div>\n\t\t\t\t\t\t\t\t<\/div>\n\t\t\t\t<\/div>\n\t\t\t\t\t<\/div>\n\t\t<\/div>\n\t\t\t\t\t<\/div>\n\t\t<\/section>\n\t\t\t\t<section class=\"elementor-section elementor-top-section elementor-element elementor-element-61f4ae95 elementor-section-boxed elementor-section-height-default elementor-section-height-default\" data-id=\"61f4ae95\" data-element_type=\"section\" data-e-type=\"section\" id=\"le\">\n\t\t\t\t\t\t<div class=\"elementor-container elementor-column-gap-default\">\n\t\t\t\t\t<div class=\"elementor-column elementor-col-100 elementor-top-column elementor-element elementor-element-82879d6\" data-id=\"82879d6\" data-element_type=\"column\" data-e-type=\"column\">\n\t\t\t<div class=\"elementor-widget-wrap elementor-element-populated\">\n\t\t\t\t\t\t<div class=\"elementor-element elementor-element-4eec061b elementor-widget elementor-widget-heading\" data-id=\"4eec061b\" data-element_type=\"widget\" data-e-type=\"widget\" data-widget_type=\"heading.default\">\n\t\t\t\t<div class=\"elementor-widget-container\">\n\t\t\t\t\t<h2 class=\"elementor-heading-title elementor-size-default\">ABOUT ME<\/h2>\t\t\t\t<\/div>\n\t\t\t\t<\/div>\n\t\t\t\t<div class=\"elementor-element elementor-element-517ba33c elementor-widget elementor-widget-text-editor\" data-id=\"517ba33c\" data-element_type=\"widget\" data-e-type=\"widget\" data-widget_type=\"text-editor.default\">\n\t\t\t\t<div class=\"elementor-widget-container\">\n\t\t\t\t\t\t\t\t\t<div dir=\"auto\"><p>During our collaborative work, I motivate my clients, share the joy of movement with them, and inspire them with positive thoughts so they don't perceive exercise as suffering. It's important to make everyone aware that they should start exercising not because they hate their bodies but because they love them.<span class=\"Apple-converted-space\">\u00a0<\/span><\/p><p>I transitioned from the world of elite sports to dancing shoes in handball, and later to weights. I've been doing weightlifting for 6 years, and I entered the world of competitive sports a year and a half ago.<\/p><p>My passion is my profession, and therefore, I approach the field with humility.<\/p><\/div>\t\t\t\t\t\t\t\t<\/div>\n\t\t\t\t<\/div>\n\t\t\t\t\t<\/div>\n\t\t<\/div>\n\t\t\t\t\t<\/div>\n\t\t<\/section>\n\t\t\t\t<section class=\"elementor-section elementor-top-section elementor-element elementor-element-7f90ef53 elementor-section-boxed elementor-section-height-default elementor-section-height-default\" data-id=\"7f90ef53\" data-element_type=\"section\" data-e-type=\"section\">\n\t\t\t\t\t\t<div class=\"elementor-container elementor-column-gap-default\">\n\t\t\t\t\t<div class=\"elementor-column elementor-col-100 elementor-top-column elementor-element elementor-element-17ac4bad\" data-id=\"17ac4bad\" data-element_type=\"column\" data-e-type=\"column\">\n\t\t\t<div class=\"elementor-widget-wrap elementor-element-populated\">\n\t\t\t\t\t\t<div class=\"elementor-element elementor-element-357707fe elementor-widget elementor-widget-heading\" data-id=\"357707fe\" data-element_type=\"widget\" data-e-type=\"widget\" data-widget_type=\"heading.default\">\n\t\t\t\t<div class=\"elementor-widget-container\">\n\t\t\t\t\t<h2 class=\"elementor-heading-title elementor-size-default\">QUALIFICATIONS<\/h2>\t\t\t\t<\/div>\n\t\t\t\t<\/div>\n\t\t\t\t<div class=\"elementor-element elementor-element-2c3ff8e9 elementor-widget elementor-widget-text-editor\" data-id=\"2c3ff8e9\" data-element_type=\"widget\" data-e-type=\"widget\" data-widget_type=\"text-editor.default\">\n\t\t\t\t<div class=\"elementor-widget-container\">\n\t\t\t\t\t\t\t\t\t<p>2015 \u2013 2017 Schola Europa Academy: Fitness-wellness instructor<span class=\"Apple-converted-space\">\u00a0<\/span><\/p><p>2017 \u2013 2018 IWI: Personal Trainer<span class=\"Apple-converted-space\">\u00a0<\/span><\/p><p>2018 IWI: Sports Nutrition and Dietary Supplements<\/p><p>2019 ART Coaching: Lifestyle and Nutrition Consultant<span class=\"Apple-converted-space\">\u00a0<\/span><\/p><p>2020 Weider Professional Fitness Trainer: Lifestyle and Nutrition Consultant<span class=\"Apple-converted-space\">\u00a0<\/span><\/p><p>2020 \u2013 So\u00f3s Istv\u00e1n Winemaking and Food Industry Technical School: Food Industry Technician<\/p><p>2020 \u2013 Stability Workout Course<\/p><p>2022 \u2013 Cycle Synchronization Course<\/p><p>2023 \u2013 Oriolus-Med: Kinesiotape Basic Course<\/p>\t\t\t\t\t\t\t\t<\/div>\n\t\t\t\t<\/div>\n\t\t\t\t\t<\/div>\n\t\t<\/div>\n\t\t\t\t\t<\/div>\n\t\t<\/section>\n\t\t\t\t<section class=\"elementor-section elementor-top-section elementor-element elementor-element-c2ed7e7 elementor-section-boxed elementor-section-height-default elementor-section-height-default\" data-id=\"c2ed7e7\" data-element_type=\"section\" data-e-type=\"section\">\n\t\t\t\t\t\t<div class=\"elementor-container elementor-column-gap-default\">\n\t\t\t\t\t<div class=\"elementor-column elementor-col-100 elementor-top-column elementor-element elementor-element-2773747\" data-id=\"2773747\" data-element_type=\"column\" data-e-type=\"column\">\n\t\t\t<div class=\"elementor-widget-wrap elementor-element-populated\">\n\t\t\t\t\t\t<div class=\"elementor-element elementor-element-ab67ad1 elementor-widget elementor-widget-heading\" data-id=\"ab67ad1\" data-element_type=\"widget\" data-e-type=\"widget\" data-widget_type=\"heading.default\">\n\t\t\t\t<div class=\"elementor-widget-container\">\n\t\t\t\t\t<h2 class=\"elementor-heading-title elementor-size-default\">Main Focus Areas<\/h2>\t\t\t\t<\/div>\n\t\t\t\t<\/div>\n\t\t\t\t<div class=\"elementor-element elementor-element-2e23428 elementor-widget elementor-widget-text-editor\" data-id=\"2e23428\" data-element_type=\"widget\" data-e-type=\"widget\" data-widget_type=\"text-editor.default\">\n\t\t\t\t<div class=\"elementor-widget-container\">\n\t\t\t\t\t\t\t\t\t<p>- Body shaping<\/p><p>- Weightlifting and bodyweight training<\/p><p>- Cycle synchronization training<\/p><p>- Nutritional counseling<\/p>\t\t\t\t\t\t\t\t<\/div>\n\t\t\t\t<\/div>\n\t\t\t\t\t<\/div>\n\t\t<\/div>\n\t\t\t\t\t<\/div>\n\t\t<\/section>\n\t\t\t\t<section class=\"elementor-section elementor-top-section elementor-element elementor-element-9217df6 elementor-section-boxed elementor-section-height-default elementor-section-height-default\" data-id=\"9217df6\" data-element_type=\"section\" data-e-type=\"section\">\n\t\t\t\t\t\t<div class=\"elementor-container elementor-column-gap-default\">\n\t\t\t\t\t<div class=\"elementor-column elementor-col-100 elementor-top-column elementor-element elementor-element-3a3dad77\" data-id=\"3a3dad77\" data-element_type=\"column\" data-e-type=\"column\">\n\t\t\t<div class=\"elementor-widget-wrap elementor-element-populated\">\n\t\t\t\t\t\t<div class=\"elementor-element elementor-element-2dd88a30 elementor-widget elementor-widget-heading\" data-id=\"2dd88a30\" data-element_type=\"widget\" data-e-type=\"widget\" data-widget_type=\"heading.default\">\n\t\t\t\t<div class=\"elementor-widget-container\">\n\t\t\t\t\t<h2 class=\"elementor-heading-title elementor-size-default\">CONTACT<\/h2>\t\t\t\t<\/div>\n\t\t\t\t<\/div>\n\t\t\t\t<div class=\"elementor-element elementor-element-2ec9cbab elementor-widget elementor-widget-text-editor\" data-id=\"2ec9cbab\" data-element_type=\"widget\" data-e-type=\"widget\" data-widget_type=\"text-editor.default\">\n\t\t\t\t<div class=\"elementor-widget-container\">\n\t\t\t\t\t\t\t\t\t<p>E-mail: <a href=\"mailto:akacsreka71@gmail.com\">akacsreka71@gmail.com<\/a><\/p><p>Phone: <a href=\"tel:+36303535203\">+36303535203<\/a><\/p><p>IG: <a href=\"https:\/\/www.instagram.com\/akacs_reka\/\" target=\"_blank\" rel=\"noopener\"><span style=\"color: #000000;\">akacs_reka<\/span><\/a><\/p>\t\t\t\t\t\t\t\t<\/div>\n\t\t\t\t<\/div>\n\t\t\t\t\t<\/div>\n\t\t<\/div>\n\t\t\t\t\t<\/div>\n\t\t<\/section>\n\t\t\t\t<\/div>","protected":false},"excerpt":{"rendered":"<p>AK\u00c1CS R\u00c9KA Szem\u00e9lyi edz\u0151 Az eg\u00e9szs\u00e9g a teljes testi, lelki \u00e9s szoci\u00e1lis j\u00f3l\u00e9t \u00e1llapota, nem csup\u00e1n a betegs\u00e9g hi\u00e1nya. A munk\u00e1m sor\u00e1n igyekszem a Vend\u00e9geimmel ezt az \u00e1llapotot meg\u00e9rtetni \u00e9s el\u00e9rni. \u00dagy gondolom, hogy a test\u00fcnk form\u00e1l\u00e1sa nem csup\u00e1n az edz\u00e9sb\u0151l \u00e1ll, hanem f\u0151 pill\u00e9re a t\u00e1pl\u00e1lkoz\u00e1s \u00e9s a regener\u00e1l\u00f3d\u00e1s is. T\u00d6BBET R\u00d3LAM R\u00f3lam A [&hellip;]<\/p>\n","protected":false},"author":3,"featured_media":0,"parent":3921,"menu_order":0,"comment_status":"closed","ping_status":"closed","template":"elementor_header_footer","meta":{"_acf_changed":false,"footnotes":""},"class_list":["post-18935","page","type-page","status-publish","hentry"],"acf":[],"_links":{"self":[{"href":"https:\/\/oxygenwellness.hu\/en\/wp-json\/wp\/v2\/pages\/18935","targetHints":{"allow":["GET"]}}],"collection":[{"href":"https:\/\/oxygenwellness.hu\/en\/wp-json\/wp\/v2\/pages"}],"about":[{"href":"https:\/\/oxygenwellness.hu\/en\/wp-json\/wp\/v2\/types\/page"}],"author":[{"embeddable":true,"href":"https:\/\/oxygenwellness.hu\/en\/wp-json\/wp\/v2\/users\/3"}],"replies":[{"embeddable":true,"href":"https:\/\/oxygenwellness.hu\/en\/wp-json\/wp\/v2\/comments?post=18935"}],"version-history":[{"count":3,"href":"https:\/\/oxygenwellness.hu\/en\/wp-json\/wp\/v2\/pages\/18935\/revisions"}],"predecessor-version":[{"id":25615,"href":"https:\/\/oxygenwellness.hu\/en\/wp-json\/wp\/v2\/pages\/18935\/revisions\/25615"}],"up":[{"embeddable":true,"href":"https:\/\/oxygenwellness.hu\/en\/wp-json\/wp\/v2\/pages\/3921"}],"wp:attachment":[{"href":"https:\/\/oxygenwellness.hu\/en\/wp-json\/wp\/v2\/media?parent=18935"}],"curies":[{"name":"wp","href":"https:\/\/api.w.org\/{rel}","templated":true}]}}