{"id":18278,"date":"2023-02-28T11:53:06","date_gmt":"2023-02-28T10:53:06","guid":{"rendered":"https:\/\/oxygenwellness.hu\/?page_id=18278"},"modified":"2024-10-21T09:37:59","modified_gmt":"2024-10-21T07:37:59","slug":"drentye-fruzsina","status":"publish","type":"page","link":"https:\/\/oxygenwellness.hu\/en\/csapatunk\/drentye-fruzsina\/","title":{"rendered":"Fruzsina Drentye"},"content":{"rendered":"<div data-elementor-type=\"wp-page\" data-elementor-id=\"18278\" class=\"elementor elementor-18278\" data-elementor-post-type=\"page\">\n\t\t\t\t\t\t<section class=\"elementor-section elementor-top-section elementor-element elementor-element-39c78bd9 elementor-section-boxed elementor-section-height-default elementor-section-height-default\" data-id=\"39c78bd9\" data-element_type=\"section\" data-e-type=\"section\">\n\t\t\t\t\t\t<div class=\"elementor-container elementor-column-gap-default\">\n\t\t\t\t\t<div class=\"elementor-column elementor-col-50 elementor-top-column elementor-element elementor-element-79ffddc3\" data-id=\"79ffddc3\" data-element_type=\"column\" data-e-type=\"column\">\n\t\t\t<div class=\"elementor-widget-wrap elementor-element-populated\">\n\t\t\t\t\t\t<div class=\"elementor-element elementor-element-35b8ac4 elementor-widget elementor-widget-image\" data-id=\"35b8ac4\" data-element_type=\"widget\" data-e-type=\"widget\" data-widget_type=\"image.default\">\n\t\t\t\t<div class=\"elementor-widget-container\">\n\t\t\t\t\t\t\t\t\t\t\t\t\t\t\t<img fetchpriority=\"high\" decoding=\"async\" width=\"1080\" height=\"1350\" src=\"https:\/\/oxygenwellness.hu\/wp-content\/uploads\/2024\/03\/oxygen-wellness-drentye-fruzsina.webp\" class=\"attachment-full size-full wp-image-20413\" alt=\"\" srcset=\"https:\/\/oxygenwellness.hu\/wp-content\/uploads\/2024\/03\/oxygen-wellness-drentye-fruzsina.webp 1080w, https:\/\/oxygenwellness.hu\/wp-content\/uploads\/2024\/03\/oxygen-wellness-drentye-fruzsina-560x700.webp 560w, https:\/\/oxygenwellness.hu\/wp-content\/uploads\/2024\/03\/oxygen-wellness-drentye-fruzsina-819x1024.webp 819w, https:\/\/oxygenwellness.hu\/wp-content\/uploads\/2024\/03\/oxygen-wellness-drentye-fruzsina-768x960.webp 768w, https:\/\/oxygenwellness.hu\/wp-content\/uploads\/2024\/03\/oxygen-wellness-drentye-fruzsina-10x12.webp 10w, https:\/\/oxygenwellness.hu\/wp-content\/uploads\/2024\/03\/oxygen-wellness-drentye-fruzsina-600x750.webp 600w\" sizes=\"(max-width: 1080px) 100vw, 1080px\" \/>\t\t\t\t\t\t\t\t\t\t\t\t\t\t\t<\/div>\n\t\t\t\t<\/div>\n\t\t\t\t\t<\/div>\n\t\t<\/div>\n\t\t\t\t<div class=\"elementor-column elementor-col-50 elementor-top-column elementor-element elementor-element-4b1a85d3\" data-id=\"4b1a85d3\" data-element_type=\"column\" data-e-type=\"column\">\n\t\t\t<div class=\"elementor-widget-wrap elementor-element-populated\">\n\t\t\t\t\t\t<div class=\"elementor-element elementor-element-47fd1fa2 elementor-widget elementor-widget-text-editor\" data-id=\"47fd1fa2\" data-element_type=\"widget\" data-e-type=\"widget\" data-widget_type=\"text-editor.default\">\n\t\t\t\t<div class=\"elementor-widget-container\">\n\t\t\t\t\t\t\t\t\t<p>Personal Trainer, Group Instructor<\/p>\t\t\t\t\t\t\t\t<\/div>\n\t\t\t\t<\/div>\n\t\t\t\t<div class=\"elementor-element elementor-element-484c2f81 elementor-widget elementor-widget-text-editor\" data-id=\"484c2f81\" data-element_type=\"widget\" data-e-type=\"widget\" data-widget_type=\"text-editor.default\">\n\t\t\t\t<div class=\"elementor-widget-container\">\n\t\t\t\t\t\t\t\t\t<p>I consider lifelong learning to be of utmost importance.<\/p>\t\t\t\t\t\t\t\t<\/div>\n\t\t\t\t<\/div>\n\t\t\t\t<div class=\"elementor-element elementor-element-2aa9b2df elementor-widget elementor-widget-button\" data-id=\"2aa9b2df\" data-element_type=\"widget\" data-e-type=\"widget\" data-widget_type=\"button.default\">\n\t\t\t\t<div class=\"elementor-widget-container\">\n\t\t\t\t\t\t\t\t\t<div class=\"elementor-button-wrapper\">\n\t\t\t\t\t<a class=\"elementor-button elementor-button-link elementor-size-sm elementor-animation-shrink\" href=\"#le\">\n\t\t\t\t\t\t<span class=\"elementor-button-content-wrapper\">\n\t\t\t\t\t\t\t\t\t<span class=\"elementor-button-text\">MORE ABOUT ME<\/span>\n\t\t\t\t\t<\/span>\n\t\t\t\t\t<\/a>\n\t\t\t\t<\/div>\n\t\t\t\t\t\t\t\t<\/div>\n\t\t\t\t<\/div>\n\t\t\t\t\t<\/div>\n\t\t<\/div>\n\t\t\t\t\t<\/div>\n\t\t<\/section>\n\t\t\t\t<section class=\"elementor-section elementor-top-section elementor-element elementor-element-17e0dad elementor-section-boxed elementor-section-height-default elementor-section-height-default\" data-id=\"17e0dad\" data-element_type=\"section\" data-e-type=\"section\" id=\"le\">\n\t\t\t\t\t\t<div class=\"elementor-container elementor-column-gap-default\">\n\t\t\t\t\t<div class=\"elementor-column elementor-col-100 elementor-top-column elementor-element elementor-element-2c799dc3\" data-id=\"2c799dc3\" data-element_type=\"column\" data-e-type=\"column\">\n\t\t\t<div class=\"elementor-widget-wrap elementor-element-populated\">\n\t\t\t\t\t\t<div class=\"elementor-element elementor-element-452567ce elementor-widget elementor-widget-heading\" data-id=\"452567ce\" data-element_type=\"widget\" data-e-type=\"widget\" data-widget_type=\"heading.default\">\n\t\t\t\t<div class=\"elementor-widget-container\">\n\t\t\t\t\t<h2 class=\"elementor-heading-title elementor-size-default\">ABOUT ME<\/h2>\t\t\t\t<\/div>\n\t\t\t\t<\/div>\n\t\t\t\t<div class=\"elementor-element elementor-element-14929f62 elementor-widget elementor-widget-text-editor\" data-id=\"14929f62\" data-element_type=\"widget\" data-e-type=\"widget\" data-widget_type=\"text-editor.default\">\n\t\t\t\t<div class=\"elementor-widget-container\">\n\t\t\t\t\t\t\t\t\t<p>This belief guided me when I applied to the Hungarian University of Physical Education and Sports Science for the Recreation and Lifestyle Program.\u00a0<\/p><p>In my work, following the principles mentioned above, I prioritize maintaining the health of my clients while enhancing their movement culture and body awareness. My goal is to assist my clients in developing a conscious and sustainable lifestyle, where regular exercise is an indispensable part. This, in turn, improves their well-being and fitness. It is my daily task to prove that with confidence in knowledge and the right support, achieving set goals is easier than one might initially think.<\/p>\t\t\t\t\t\t\t\t<\/div>\n\t\t\t\t<\/div>\n\t\t\t\t\t<\/div>\n\t\t<\/div>\n\t\t\t\t\t<\/div>\n\t\t<\/section>\n\t\t\t\t<section class=\"elementor-section elementor-top-section elementor-element elementor-element-375c938f elementor-section-boxed elementor-section-height-default elementor-section-height-default\" data-id=\"375c938f\" data-element_type=\"section\" data-e-type=\"section\">\n\t\t\t\t\t\t<div class=\"elementor-container elementor-column-gap-default\">\n\t\t\t\t\t<div class=\"elementor-column elementor-col-50 elementor-top-column elementor-element elementor-element-2ee3c7bb\" data-id=\"2ee3c7bb\" data-element_type=\"column\" data-e-type=\"column\">\n\t\t\t<div class=\"elementor-widget-wrap elementor-element-populated\">\n\t\t\t\t\t\t<div class=\"elementor-element elementor-element-5039fb63 elementor-widget elementor-widget-heading\" data-id=\"5039fb63\" data-element_type=\"widget\" data-e-type=\"widget\" data-widget_type=\"heading.default\">\n\t\t\t\t<div class=\"elementor-widget-container\">\n\t\t\t\t\t<h2 class=\"elementor-heading-title elementor-size-default\">QUALIFICATIONS<\/h2>\t\t\t\t<\/div>\n\t\t\t\t<\/div>\n\t\t\t\t<div class=\"elementor-element elementor-element-2a2b37d0 elementor-widget elementor-widget-text-editor\" data-id=\"2a2b37d0\" data-element_type=\"widget\" data-e-type=\"widget\" data-widget_type=\"text-editor.default\">\n\t\t\t\t<div class=\"elementor-widget-container\">\n\t\t\t\t\t\t\t\t\t<p class=\"mkdf-st-text\">- IWI Group Fitness Instructor<\/p><p class=\"mkdf-st-text\">- IWI Personal Trainer\u00a0<\/p><p class=\"mkdf-st-text\">&#8211; Testnevel\u00e9si Egyetem- Prevent\u00edv gerincj\u00f3ga oktat\u00f3 k\u00e9pz\u00e9s<\/p><p class=\"mkdf-st-text\">&#8211; Tesnevel\u00e9si Egyetem Rekre\u00e1ci\u00f3 \u00e9s \u00c9letm\u00f3d BSC<\/p><p class=\"mkdf-st-text\">&#8211; ProBody Pilates oktat\u00f3 k\u00e9pz\u00e9s<\/p>\t\t\t\t\t\t\t\t<\/div>\n\t\t\t\t<\/div>\n\t\t\t\t\t<\/div>\n\t\t<\/div>\n\t\t\t\t<div class=\"elementor-column elementor-col-50 elementor-top-column elementor-element elementor-element-7c5411c7\" data-id=\"7c5411c7\" data-element_type=\"column\" data-e-type=\"column\" data-settings=\"{&quot;background_background&quot;:&quot;classic&quot;}\">\n\t\t\t<div class=\"elementor-widget-wrap elementor-element-populated\">\n\t\t\t\t\t\t<div class=\"elementor-element elementor-element-5709ae9a elementor-widget elementor-widget-heading\" data-id=\"5709ae9a\" data-element_type=\"widget\" data-e-type=\"widget\" data-widget_type=\"heading.default\">\n\t\t\t\t<div class=\"elementor-widget-container\">\n\t\t\t\t\t<h2 class=\"elementor-heading-title elementor-size-default\">MAIN PROFILE<\/h2>\t\t\t\t<\/div>\n\t\t\t\t<\/div>\n\t\t\t\t<div class=\"elementor-element elementor-element-19fb0751 elementor-widget elementor-widget-text-editor\" data-id=\"19fb0751\" data-element_type=\"widget\" data-e-type=\"widget\" data-widget_type=\"text-editor.default\">\n\t\t\t\t<div class=\"elementor-widget-container\">\n\t\t\t\t\t\t\t\t\t<p class=\"mkdf-st-text\">- Establishing a Healthy Lifestyle <br \/>- Developing Strength and Endurance <br \/>- Optimizing Body Composition<br \/>- Functional Training<br \/>- Stretching and Mobilization<\/p>\t\t\t\t\t\t\t\t<\/div>\n\t\t\t\t<\/div>\n\t\t\t\t\t<\/div>\n\t\t<\/div>\n\t\t\t\t\t<\/div>\n\t\t<\/section>\n\t\t\t\t<section class=\"elementor-section elementor-top-section elementor-element elementor-element-9018bd4 elementor-section-boxed elementor-section-height-default elementor-section-height-default\" data-id=\"9018bd4\" data-element_type=\"section\" data-e-type=\"section\">\n\t\t\t\t\t\t<div class=\"elementor-container elementor-column-gap-default\">\n\t\t\t\t\t<div class=\"elementor-column elementor-col-100 elementor-top-column elementor-element elementor-element-2b6b55b\" data-id=\"2b6b55b\" data-element_type=\"column\" data-e-type=\"column\">\n\t\t\t<div class=\"elementor-widget-wrap elementor-element-populated\">\n\t\t\t\t\t\t<div class=\"elementor-element elementor-element-00d51ee elementor-widget elementor-widget-heading\" data-id=\"00d51ee\" data-element_type=\"widget\" data-e-type=\"widget\" data-widget_type=\"heading.default\">\n\t\t\t\t<div class=\"elementor-widget-container\">\n\t\t\t\t\t<h2 class=\"elementor-heading-title elementor-size-default\">CONTACT<\/h2>\t\t\t\t<\/div>\n\t\t\t\t<\/div>\n\t\t\t\t<div class=\"elementor-element elementor-element-f9de7b5 elementor-widget elementor-widget-text-editor\" data-id=\"f9de7b5\" data-element_type=\"widget\" data-e-type=\"widget\" data-widget_type=\"text-editor.default\">\n\t\t\t\t<div class=\"elementor-widget-container\">\n\t\t\t\t\t\t\t\t\t<p>E-mail: <a href=\"mailto:fitbyfru@gmail.com\">fitbyfru@gmail.com<\/a><\/p>\t\t\t\t\t\t\t\t<\/div>\n\t\t\t\t<\/div>\n\t\t\t\t\t<\/div>\n\t\t<\/div>\n\t\t\t\t\t<\/div>\n\t\t<\/section>\n\t\t\t\t<\/div>","protected":false},"excerpt":{"rendered":"<p>Szem\u00e9lyi edz\u0151, Csoportos oktat\u00f3 Az \u00e9lethosszig tart\u00f3 tanul\u00e1st nagyon fontosnak tartom. T\u00d6BBET R\u00d3LAM R\u00f3lam Ez vez\u00e9relt akkor is, amikor a Magyar Testnevel\u00e9si \u00e9s Sporttudom\u00e1nyi Egyetem rekre\u00e1ci\u00f3 \u00e9s \u00e9letm\u00f3d szak\u00e1ra jelentkeztem.\u00a0 Munk\u00e1m sor\u00e1n, a fenti elveket k\u00f6vetve vend\u00e9geim eg\u00e9szs\u00e9g\u00e9nek meg\u0151rz\u00e9se mellett mozg\u00e1skult\u00far\u00e1juk \u00e9s testtudatuk fejleszt\u00e9s\u00e9t helyezem el\u0151t\u00e9rbe. C\u00e9lom, hogy klienseimet hozz\u00e1seg\u00edtsem egy tudatos \u00e9s fenntarthat\u00f3 \u00e9letm\u00f3d [&hellip;]<\/p>\n","protected":false},"author":3,"featured_media":0,"parent":3921,"menu_order":0,"comment_status":"closed","ping_status":"closed","template":"elementor_header_footer","meta":{"_acf_changed":false,"footnotes":""},"class_list":["post-18278","page","type-page","status-publish","hentry"],"acf":[],"_links":{"self":[{"href":"https:\/\/oxygenwellness.hu\/en\/wp-json\/wp\/v2\/pages\/18278","targetHints":{"allow":["GET"]}}],"collection":[{"href":"https:\/\/oxygenwellness.hu\/en\/wp-json\/wp\/v2\/pages"}],"about":[{"href":"https:\/\/oxygenwellness.hu\/en\/wp-json\/wp\/v2\/types\/page"}],"author":[{"embeddable":true,"href":"https:\/\/oxygenwellness.hu\/en\/wp-json\/wp\/v2\/users\/3"}],"replies":[{"embeddable":true,"href":"https:\/\/oxygenwellness.hu\/en\/wp-json\/wp\/v2\/comments?post=18278"}],"version-history":[{"count":0,"href":"https:\/\/oxygenwellness.hu\/en\/wp-json\/wp\/v2\/pages\/18278\/revisions"}],"up":[{"embeddable":true,"href":"https:\/\/oxygenwellness.hu\/en\/wp-json\/wp\/v2\/pages\/3921"}],"wp:attachment":[{"href":"https:\/\/oxygenwellness.hu\/en\/wp-json\/wp\/v2\/media?parent=18278"}],"curies":[{"name":"wp","href":"https:\/\/api.w.org\/{rel}","templated":true}]}}