{"id":18239,"date":"2023-02-24T11:38:57","date_gmt":"2023-02-24T10:38:57","guid":{"rendered":"https:\/\/oxygenwellness.hu\/?page_id=18239"},"modified":"2023-08-09T16:38:52","modified_gmt":"2023-08-09T14:38:52","slug":"pota-balazs","status":"publish","type":"page","link":"https:\/\/oxygenwellness.hu\/en\/csapatunk\/pota-balazs\/","title":{"rendered":"BAL\u00c1ZS P\u00d3TA"},"content":{"rendered":"<div data-elementor-type=\"wp-page\" data-elementor-id=\"18239\" class=\"elementor elementor-18239\" data-elementor-post-type=\"page\">\n\t\t\t\t\t\t<section class=\"elementor-section elementor-top-section elementor-element elementor-element-2114ed63 elementor-section-boxed elementor-section-height-default elementor-section-height-default\" data-id=\"2114ed63\" data-element_type=\"section\" data-e-type=\"section\">\n\t\t\t\t\t\t<div class=\"elementor-container elementor-column-gap-default\">\n\t\t\t\t\t<div class=\"elementor-column elementor-col-50 elementor-top-column elementor-element elementor-element-3c681ac8\" data-id=\"3c681ac8\" data-element_type=\"column\" data-e-type=\"column\">\n\t\t\t<div class=\"elementor-widget-wrap elementor-element-populated\">\n\t\t\t\t\t\t<div class=\"elementor-element elementor-element-77b01af9 elementor-widget elementor-widget-image\" data-id=\"77b01af9\" data-element_type=\"widget\" data-e-type=\"widget\" data-widget_type=\"image.default\">\n\t\t\t\t<div class=\"elementor-widget-container\">\n\t\t\t\t\t\t\t\t\t\t\t\t\t\t\t<img fetchpriority=\"high\" decoding=\"async\" width=\"819\" height=\"1024\" src=\"https:\/\/oxygenwellness.hu\/wp-content\/uploads\/2023\/02\/pota-balazs-oxygen-wellness-edzo.webp\" class=\"attachment-full size-full wp-image-18231\" alt=\"\" srcset=\"https:\/\/oxygenwellness.hu\/wp-content\/uploads\/2023\/02\/pota-balazs-oxygen-wellness-edzo.webp 819w, https:\/\/oxygenwellness.hu\/wp-content\/uploads\/2023\/02\/pota-balazs-oxygen-wellness-edzo-600x750.webp 600w, https:\/\/oxygenwellness.hu\/wp-content\/uploads\/2023\/02\/pota-balazs-oxygen-wellness-edzo-560x700.webp 560w, https:\/\/oxygenwellness.hu\/wp-content\/uploads\/2023\/02\/pota-balazs-oxygen-wellness-edzo-768x960.webp 768w, https:\/\/oxygenwellness.hu\/wp-content\/uploads\/2023\/02\/pota-balazs-oxygen-wellness-edzo-10x12.webp 10w\" sizes=\"(max-width: 819px) 100vw, 819px\" \/>\t\t\t\t\t\t\t\t\t\t\t\t\t\t\t<\/div>\n\t\t\t\t<\/div>\n\t\t\t\t\t<\/div>\n\t\t<\/div>\n\t\t\t\t<div class=\"elementor-column elementor-col-50 elementor-top-column elementor-element elementor-element-4c949e88\" data-id=\"4c949e88\" data-element_type=\"column\" data-e-type=\"column\">\n\t\t\t<div class=\"elementor-widget-wrap elementor-element-populated\">\n\t\t\t\t\t\t<div class=\"elementor-element elementor-element-a01f8fc elementor-widget elementor-widget-text-editor\" data-id=\"a01f8fc\" data-element_type=\"widget\" data-e-type=\"widget\" data-widget_type=\"text-editor.default\">\n\t\t\t\t<div class=\"elementor-widget-container\">\n\t\t\t\t\t\t\t\t\t<p>Power Plate Master Trainer<\/p>\t\t\t\t\t\t\t\t<\/div>\n\t\t\t\t<\/div>\n\t\t\t\t<div class=\"elementor-element elementor-element-28f1b411 elementor-widget elementor-widget-text-editor\" data-id=\"28f1b411\" data-element_type=\"widget\" data-e-type=\"widget\" data-widget_type=\"text-editor.default\">\n\t\t\t\t<div class=\"elementor-widget-container\">\n\t\t\t\t\t\t\t\t\t<p>I completed my studies at the Hungarian University of Physical Education, and I have been a professional football player for over 25 years. In the last 10 years, I have also worked as a head coach for various teams, currently at TF (Semmelweis University).<\/p>\t\t\t\t\t\t\t\t<\/div>\n\t\t\t\t<\/div>\n\t\t\t\t<div class=\"elementor-element elementor-element-7d5dfd54 elementor-widget elementor-widget-button\" data-id=\"7d5dfd54\" data-element_type=\"widget\" data-e-type=\"widget\" data-widget_type=\"button.default\">\n\t\t\t\t<div class=\"elementor-widget-container\">\n\t\t\t\t\t\t\t\t\t<div class=\"elementor-button-wrapper\">\n\t\t\t\t\t<a class=\"elementor-button elementor-button-link elementor-size-sm elementor-animation-shrink\" href=\"#le\">\n\t\t\t\t\t\t<span class=\"elementor-button-content-wrapper\">\n\t\t\t\t\t\t\t\t\t<span class=\"elementor-button-text\">MORE ABOUT ME<\/span>\n\t\t\t\t\t<\/span>\n\t\t\t\t\t<\/a>\n\t\t\t\t<\/div>\n\t\t\t\t\t\t\t\t<\/div>\n\t\t\t\t<\/div>\n\t\t\t\t\t<\/div>\n\t\t<\/div>\n\t\t\t\t\t<\/div>\n\t\t<\/section>\n\t\t\t\t<section class=\"elementor-section elementor-top-section elementor-element elementor-element-1e0a4d6b elementor-section-boxed elementor-section-height-default elementor-section-height-default\" data-id=\"1e0a4d6b\" data-element_type=\"section\" data-e-type=\"section\" id=\"le\">\n\t\t\t\t\t\t<div class=\"elementor-container elementor-column-gap-default\">\n\t\t\t\t\t<div class=\"elementor-column elementor-col-100 elementor-top-column elementor-element elementor-element-9ace398\" data-id=\"9ace398\" data-element_type=\"column\" data-e-type=\"column\">\n\t\t\t<div class=\"elementor-widget-wrap elementor-element-populated\">\n\t\t\t\t\t\t<div class=\"elementor-element elementor-element-3fe46181 elementor-widget elementor-widget-heading\" data-id=\"3fe46181\" data-element_type=\"widget\" data-e-type=\"widget\" data-widget_type=\"heading.default\">\n\t\t\t\t<div class=\"elementor-widget-container\">\n\t\t\t\t\t<h2 class=\"elementor-heading-title elementor-size-default\">ABOUT ME<\/h2>\t\t\t\t<\/div>\n\t\t\t\t<\/div>\n\t\t\t\t<div class=\"elementor-element elementor-element-677b0e84 elementor-widget elementor-widget-text-editor\" data-id=\"677b0e84\" data-element_type=\"widget\" data-e-type=\"widget\" data-widget_type=\"text-editor.default\">\n\t\t\t\t<div class=\"elementor-widget-container\">\n\t\t\t\t\t\t\t\t\t<p>I started working in the fitness industry 12 years ago, and I'm very proud of how the Power Plate training method has transformed the lives of so many people!<br \/>The most important thing for me is that the workouts must be filled with strict good humor, and my guests can only leave with big smiles!<\/p>\t\t\t\t\t\t\t\t<\/div>\n\t\t\t\t<\/div>\n\t\t\t\t\t<\/div>\n\t\t<\/div>\n\t\t\t\t\t<\/div>\n\t\t<\/section>\n\t\t\t\t<section class=\"elementor-section elementor-top-section elementor-element elementor-element-77e3b5c1 elementor-section-boxed elementor-section-height-default elementor-section-height-default\" data-id=\"77e3b5c1\" data-element_type=\"section\" data-e-type=\"section\">\n\t\t\t\t\t\t<div class=\"elementor-container elementor-column-gap-default\">\n\t\t\t\t\t<div class=\"elementor-column elementor-col-50 elementor-top-column elementor-element elementor-element-58f12cda\" data-id=\"58f12cda\" data-element_type=\"column\" data-e-type=\"column\">\n\t\t\t<div class=\"elementor-widget-wrap elementor-element-populated\">\n\t\t\t\t\t\t<div class=\"elementor-element elementor-element-bbdc306 elementor-widget elementor-widget-heading\" data-id=\"bbdc306\" data-element_type=\"widget\" data-e-type=\"widget\" data-widget_type=\"heading.default\">\n\t\t\t\t<div class=\"elementor-widget-container\">\n\t\t\t\t\t<h2 class=\"elementor-heading-title elementor-size-default\">QUALIFICATIONS<\/h2>\t\t\t\t<\/div>\n\t\t\t\t<\/div>\n\t\t\t\t<div class=\"elementor-element elementor-element-22b5f249 elementor-widget elementor-widget-text-editor\" data-id=\"22b5f249\" data-element_type=\"widget\" data-e-type=\"widget\" data-widget_type=\"text-editor.default\">\n\t\t\t\t<div class=\"elementor-widget-container\">\n\t\t\t\t\t\t\t\t\t<p class=\"mkdf-st-text\">- Hungarian University of Physical Education (Semmelweis University - TSK Physical Education Trainer)<br \/>- Power Plate Intermediate and Master Training<br \/>- Futsal UEFA B Diploma<\/p>\t\t\t\t\t\t\t\t<\/div>\n\t\t\t\t<\/div>\n\t\t\t\t\t<\/div>\n\t\t<\/div>\n\t\t\t\t<div class=\"elementor-column elementor-col-50 elementor-top-column elementor-element elementor-element-386d64ac\" data-id=\"386d64ac\" data-element_type=\"column\" data-e-type=\"column\" data-settings=\"{&quot;background_background&quot;:&quot;classic&quot;}\">\n\t\t\t<div class=\"elementor-widget-wrap elementor-element-populated\">\n\t\t\t\t\t\t<div class=\"elementor-element elementor-element-21455ffa elementor-widget elementor-widget-heading\" data-id=\"21455ffa\" data-element_type=\"widget\" data-e-type=\"widget\" data-widget_type=\"heading.default\">\n\t\t\t\t<div class=\"elementor-widget-container\">\n\t\t\t\t\t<h2 class=\"elementor-heading-title elementor-size-default\">SPORTING ACHIEVEMENTS<\/h2>\t\t\t\t<\/div>\n\t\t\t\t<\/div>\n\t\t\t\t<div class=\"elementor-element elementor-element-12f442fe elementor-widget elementor-widget-text-editor\" data-id=\"12f442fe\" data-element_type=\"widget\" data-e-type=\"widget\" data-widget_type=\"text-editor.default\">\n\t\t\t\t<div class=\"elementor-widget-container\">\n\t\t\t\t\t\t\t\t\t<p class=\"mkdf-st-text\">- I was part of the U21 Hungarian futsal national team. <br \/>- I played in 200 matches in the Futsal NB1. <br \/>- I played as a player in Serie B in Italy.<br \/>- I've been a Futsal head coach in NB1 and NB2.<br \/>- 12 years of fitness experience as an aquafitness and Power Plate trainer.<br \/>- In 2020, I was named the Power Plate Coach of the Year.<br \/>- U21 Futsal National Championship title<br \/>- 2nd place in NB1<br \/>- Hungarian Futsal Cup 1st place<br \/>- Budapest University Futsal Championship 1st place (as head coach)<br \/>- Italian Futsal Champion (Serie C)<\/p>\t\t\t\t\t\t\t\t<\/div>\n\t\t\t\t<\/div>\n\t\t\t\t\t<\/div>\n\t\t<\/div>\n\t\t\t\t\t<\/div>\n\t\t<\/section>\n\t\t\t\t<section class=\"elementor-section elementor-top-section elementor-element elementor-element-6fa200d elementor-section-boxed elementor-section-height-default elementor-section-height-default\" data-id=\"6fa200d\" data-element_type=\"section\" data-e-type=\"section\">\n\t\t\t\t\t\t<div class=\"elementor-container elementor-column-gap-default\">\n\t\t\t\t\t<div class=\"elementor-column elementor-col-100 elementor-top-column elementor-element elementor-element-180a5bb\" data-id=\"180a5bb\" data-element_type=\"column\" data-e-type=\"column\">\n\t\t\t<div class=\"elementor-widget-wrap elementor-element-populated\">\n\t\t\t\t\t\t<div class=\"elementor-element elementor-element-e094672 elementor-widget elementor-widget-heading\" data-id=\"e094672\" data-element_type=\"widget\" data-e-type=\"widget\" data-widget_type=\"heading.default\">\n\t\t\t\t<div class=\"elementor-widget-container\">\n\t\t\t\t\t<h2 class=\"elementor-heading-title elementor-size-default\">CONTACT<\/h2>\t\t\t\t<\/div>\n\t\t\t\t<\/div>\n\t\t\t\t<div class=\"elementor-element elementor-element-ae5e026 elementor-widget elementor-widget-text-editor\" data-id=\"ae5e026\" data-element_type=\"widget\" data-e-type=\"widget\" data-widget_type=\"text-editor.default\">\n\t\t\t\t<div class=\"elementor-widget-container\">\n\t\t\t\t\t\t\t\t\t<p>E-mail: <a href=\"mailto:balazspota88@gmail.com\">balazspota88@gmail.com<\/a><\/p><p><br \/>Phone: <a href=\"tel:+36204861236\">+36 20 486 1236<\/a><\/p>\t\t\t\t\t\t\t\t<\/div>\n\t\t\t\t<\/div>\n\t\t\t\t\t<\/div>\n\t\t<\/div>\n\t\t\t\t\t<\/div>\n\t\t<\/section>\n\t\t\t\t<\/div>","protected":false},"excerpt":{"rendered":"<p>Power Plate Mesteredz\u0151 A Magyar Testnevel\u00e9si Egyetemen v\u00e9geztem tanulm\u00e1nyaimat \u00e9s t\u00f6bb mint 25 \u00e9ve igazolt labdar\u00fag\u00f3 vagyok, az elm\u00falt 10 \u00e9vben vezet\u0151edz\u0151k\u00e9nt is dolgozom csapataimn\u00e1l, jelenleg a TF-en. T\u00d6BBET R\u00d3LAM R\u00f3lam A fitness szakm\u00e1ban 12 \u00e9ve kezdtem el dolgozni \u00e9s nagyon b\u00fcszke vagyok arra, hogy milyen sok ember \u00e9let\u00e9t v\u00e1ltoztatta meg a Power Plate edz\u00e9sforma!A [&hellip;]<\/p>\n","protected":false},"author":3,"featured_media":0,"parent":3921,"menu_order":0,"comment_status":"closed","ping_status":"closed","template":"elementor_header_footer","meta":{"_acf_changed":false,"footnotes":""},"class_list":["post-18239","page","type-page","status-publish","hentry"],"acf":[],"_links":{"self":[{"href":"https:\/\/oxygenwellness.hu\/en\/wp-json\/wp\/v2\/pages\/18239","targetHints":{"allow":["GET"]}}],"collection":[{"href":"https:\/\/oxygenwellness.hu\/en\/wp-json\/wp\/v2\/pages"}],"about":[{"href":"https:\/\/oxygenwellness.hu\/en\/wp-json\/wp\/v2\/types\/page"}],"author":[{"embeddable":true,"href":"https:\/\/oxygenwellness.hu\/en\/wp-json\/wp\/v2\/users\/3"}],"replies":[{"embeddable":true,"href":"https:\/\/oxygenwellness.hu\/en\/wp-json\/wp\/v2\/comments?post=18239"}],"version-history":[{"count":0,"href":"https:\/\/oxygenwellness.hu\/en\/wp-json\/wp\/v2\/pages\/18239\/revisions"}],"up":[{"embeddable":true,"href":"https:\/\/oxygenwellness.hu\/en\/wp-json\/wp\/v2\/pages\/3921"}],"wp:attachment":[{"href":"https:\/\/oxygenwellness.hu\/en\/wp-json\/wp\/v2\/media?parent=18239"}],"curies":[{"name":"wp","href":"https:\/\/api.w.org\/{rel}","templated":true}]}}