{"id":18129,"date":"2023-02-22T09:40:06","date_gmt":"2023-02-22T08:40:06","guid":{"rendered":"https:\/\/oxygenwellness.hu\/?page_id=18129"},"modified":"2023-02-22T09:46:38","modified_gmt":"2023-02-22T08:46:38","slug":"kiraly-gergo","status":"publish","type":"page","link":"https:\/\/oxygenwellness.hu\/en\/kiraly-gergo\/","title":{"rendered":"KIR\u00c1LY GERG\u0150"},"content":{"rendered":"<div data-elementor-type=\"wp-page\" data-elementor-id=\"18129\" class=\"elementor elementor-18129\" data-elementor-post-type=\"page\">\n\t\t\t\t\t\t<section class=\"elementor-section elementor-top-section elementor-element elementor-element-288d41aa elementor-section-boxed elementor-section-height-default elementor-section-height-default\" data-id=\"288d41aa\" data-element_type=\"section\" data-e-type=\"section\">\n\t\t\t\t\t\t<div class=\"elementor-container elementor-column-gap-default\">\n\t\t\t\t\t<div class=\"elementor-column elementor-col-50 elementor-top-column elementor-element elementor-element-83a4127\" data-id=\"83a4127\" data-element_type=\"column\" data-e-type=\"column\">\n\t\t\t<div class=\"elementor-widget-wrap elementor-element-populated\">\n\t\t\t\t\t\t<div class=\"elementor-element elementor-element-68c75986 elementor-widget elementor-widget-image\" data-id=\"68c75986\" data-element_type=\"widget\" data-e-type=\"widget\" data-widget_type=\"image.default\">\n\t\t\t\t<div class=\"elementor-widget-container\">\n\t\t\t\t\t\t\t\t\t\t\t\t\t\t\t<img fetchpriority=\"high\" decoding=\"async\" width=\"1706\" height=\"2560\" src=\"https:\/\/oxygenwellness.hu\/wp-content\/uploads\/2023\/02\/DSC09670-scaled.jpeg\" class=\"attachment-full size-full wp-image-18120\" alt=\"\" srcset=\"https:\/\/oxygenwellness.hu\/wp-content\/uploads\/2023\/02\/DSC09670-scaled.jpeg 1706w, https:\/\/oxygenwellness.hu\/wp-content\/uploads\/2023\/02\/DSC09670-scaled-600x900.jpeg 600w, https:\/\/oxygenwellness.hu\/wp-content\/uploads\/2023\/02\/DSC09670-467x700.jpeg 467w, https:\/\/oxygenwellness.hu\/wp-content\/uploads\/2023\/02\/DSC09670-682x1024.jpeg 682w, https:\/\/oxygenwellness.hu\/wp-content\/uploads\/2023\/02\/DSC09670-768x1152.jpeg 768w, https:\/\/oxygenwellness.hu\/wp-content\/uploads\/2023\/02\/DSC09670-1024x1536.jpeg 1024w, https:\/\/oxygenwellness.hu\/wp-content\/uploads\/2023\/02\/DSC09670-1365x2048.jpeg 1365w, https:\/\/oxygenwellness.hu\/wp-content\/uploads\/2023\/02\/DSC09670-8x12.jpeg 8w\" sizes=\"(max-width: 1706px) 100vw, 1706px\" \/>\t\t\t\t\t\t\t\t\t\t\t\t\t\t\t<\/div>\n\t\t\t\t<\/div>\n\t\t\t\t\t<\/div>\n\t\t<\/div>\n\t\t\t\t<div class=\"elementor-column elementor-col-50 elementor-top-column elementor-element elementor-element-2fb01411\" data-id=\"2fb01411\" data-element_type=\"column\" data-e-type=\"column\">\n\t\t\t<div class=\"elementor-widget-wrap elementor-element-populated\">\n\t\t\t\t\t\t<div class=\"elementor-element elementor-element-308b88c9 elementor-widget elementor-widget-heading\" data-id=\"308b88c9\" data-element_type=\"widget\" data-e-type=\"widget\" data-widget_type=\"heading.default\">\n\t\t\t\t<div class=\"elementor-widget-container\">\n\t\t\t\t\t<h2 class=\"elementor-heading-title elementor-size-default\">KIR\u00c1LY GERG\u0150<\/h2>\t\t\t\t<\/div>\n\t\t\t\t<\/div>\n\t\t\t\t<div class=\"elementor-element elementor-element-6e86588 elementor-widget elementor-widget-text-editor\" data-id=\"6e86588\" data-element_type=\"widget\" data-e-type=\"widget\" data-widget_type=\"text-editor.default\">\n\t\t\t\t<div class=\"elementor-widget-container\">\n\t\t\t\t\t\t\t\t\t<p>PERSONAL TRAINER\u00a0<\/p>\t\t\t\t\t\t\t\t<\/div>\n\t\t\t\t<\/div>\n\t\t\t\t<div class=\"elementor-element elementor-element-43523f elementor-widget elementor-widget-button\" data-id=\"43523f\" data-element_type=\"widget\" data-e-type=\"widget\" data-widget_type=\"button.default\">\n\t\t\t\t<div class=\"elementor-widget-container\">\n\t\t\t\t\t\t\t\t\t<div class=\"elementor-button-wrapper\">\n\t\t\t\t\t<a class=\"elementor-button elementor-button-link elementor-size-sm elementor-animation-shrink\" href=\"#le\">\n\t\t\t\t\t\t<span class=\"elementor-button-content-wrapper\">\n\t\t\t\t\t\t\t\t\t<span class=\"elementor-button-text\">MORE ABOUT ME<\/span>\n\t\t\t\t\t<\/span>\n\t\t\t\t\t<\/a>\n\t\t\t\t<\/div>\n\t\t\t\t\t\t\t\t<\/div>\n\t\t\t\t<\/div>\n\t\t\t\t\t<\/div>\n\t\t<\/div>\n\t\t\t\t\t<\/div>\n\t\t<\/section>\n\t\t\t\t<section class=\"elementor-section elementor-top-section elementor-element elementor-element-597e5952 elementor-section-boxed elementor-section-height-default elementor-section-height-default\" data-id=\"597e5952\" data-element_type=\"section\" data-e-type=\"section\" id=\"le\">\n\t\t\t\t\t\t<div class=\"elementor-container elementor-column-gap-default\">\n\t\t\t\t\t<div class=\"elementor-column elementor-col-100 elementor-top-column elementor-element elementor-element-2a555be0\" data-id=\"2a555be0\" data-element_type=\"column\" data-e-type=\"column\">\n\t\t\t<div class=\"elementor-widget-wrap elementor-element-populated\">\n\t\t\t\t\t\t<div class=\"elementor-element elementor-element-66b7e61a elementor-widget elementor-widget-heading\" data-id=\"66b7e61a\" data-element_type=\"widget\" data-e-type=\"widget\" data-widget_type=\"heading.default\">\n\t\t\t\t<div class=\"elementor-widget-container\">\n\t\t\t\t\t<h2 class=\"elementor-heading-title elementor-size-default\">ABOUT ME<\/h2>\t\t\t\t<\/div>\n\t\t\t\t<\/div>\n\t\t\t\t<div class=\"elementor-element elementor-element-1465d65d elementor-widget elementor-widget-text-editor\" data-id=\"1465d65d\" data-element_type=\"widget\" data-e-type=\"widget\" data-widget_type=\"text-editor.default\">\n\t\t\t\t<div class=\"elementor-widget-container\">\n\t\t\t\t\t\t\t\t\t<div dir=\"auto\">Progressive, strength-building, functional training that incorporates unstable elements to improve coordination, balance,<wbr \/>and reaction time.<\/div><div dir=\"auto\">In lifestyle, instead of extremes, I focus on creating a sustainable balance.<br \/>I help integrate nutrition, training, and recovery into the fast-paced daily routine!<\/div>\t\t\t\t\t\t\t\t<\/div>\n\t\t\t\t<\/div>\n\t\t\t\t\t<\/div>\n\t\t<\/div>\n\t\t\t\t\t<\/div>\n\t\t<\/section>\n\t\t\t\t<section class=\"elementor-section elementor-top-section elementor-element elementor-element-462c03fd elementor-section-boxed elementor-section-height-default elementor-section-height-default\" data-id=\"462c03fd\" data-element_type=\"section\" data-e-type=\"section\">\n\t\t\t\t\t\t<div class=\"elementor-container elementor-column-gap-default\">\n\t\t\t\t\t<div class=\"elementor-column elementor-col-100 elementor-top-column elementor-element elementor-element-12840683\" data-id=\"12840683\" data-element_type=\"column\" data-e-type=\"column\">\n\t\t\t<div class=\"elementor-widget-wrap elementor-element-populated\">\n\t\t\t\t\t\t<div class=\"elementor-element elementor-element-a049874 elementor-widget elementor-widget-heading\" data-id=\"a049874\" data-element_type=\"widget\" data-e-type=\"widget\" data-widget_type=\"heading.default\">\n\t\t\t\t<div class=\"elementor-widget-container\">\n\t\t\t\t\t<h2 class=\"elementor-heading-title elementor-size-default\">QUALIFICATIONS<\/h2>\t\t\t\t<\/div>\n\t\t\t\t<\/div>\n\t\t\t\t<div class=\"elementor-element elementor-element-762ebfe elementor-widget elementor-widget-text-editor\" data-id=\"762ebfe\" data-element_type=\"widget\" data-e-type=\"widget\" data-widget_type=\"text-editor.default\">\n\t\t\t\t<div class=\"elementor-widget-container\">\n\t\t\t\t\t\t\t\t\t<p>&#8211; Fitness Akademia: Stability Workout<\/p><div dir=\"auto\">&#8211; International Wellness Institute: Fitness Instruktor<\/div>\t\t\t\t\t\t\t\t<\/div>\n\t\t\t\t<\/div>\n\t\t\t\t\t<\/div>\n\t\t<\/div>\n\t\t\t\t\t<\/div>\n\t\t<\/section>\n\t\t\t\t<section class=\"elementor-section elementor-top-section elementor-element elementor-element-5029f4e4 elementor-section-boxed elementor-section-height-default elementor-section-height-default\" data-id=\"5029f4e4\" data-element_type=\"section\" data-e-type=\"section\">\n\t\t\t\t\t\t<div class=\"elementor-container elementor-column-gap-default\">\n\t\t\t\t\t<div class=\"elementor-column elementor-col-100 elementor-top-column elementor-element elementor-element-4fd2ad90\" data-id=\"4fd2ad90\" data-element_type=\"column\" data-e-type=\"column\">\n\t\t\t<div class=\"elementor-widget-wrap elementor-element-populated\">\n\t\t\t\t\t\t<div class=\"elementor-element elementor-element-2fe52ea2 elementor-widget elementor-widget-heading\" data-id=\"2fe52ea2\" data-element_type=\"widget\" data-e-type=\"widget\" data-widget_type=\"heading.default\">\n\t\t\t\t<div class=\"elementor-widget-container\">\n\t\t\t\t\t<h2 class=\"elementor-heading-title elementor-size-default\">CONTACT<\/h2>\t\t\t\t<\/div>\n\t\t\t\t<\/div>\n\t\t\t\t<div class=\"elementor-element elementor-element-259141e2 elementor-widget elementor-widget-text-editor\" data-id=\"259141e2\" data-element_type=\"widget\" data-e-type=\"widget\" data-widget_type=\"text-editor.default\">\n\t\t\t\t<div class=\"elementor-widget-container\">\n\t\t\t\t\t\t\t\t\t<p>E-mail: <a href=\"mailto:stuzsm@gmail.com\">k<\/a>gpinto14@gmail.com<\/p>\t\t\t\t\t\t\t\t<\/div>\n\t\t\t\t<\/div>\n\t\t\t\t\t<\/div>\n\t\t<\/div>\n\t\t\t\t\t<\/div>\n\t\t<\/section>\n\t\t\t\t<\/div>","protected":false},"excerpt":{"rendered":"<p>KIR\u00c1LY GERG\u0150 Szem\u00e9lyi edz\u0151\u00a0 T\u00d6BBET R\u00d3LAM R\u00f3lam Progressz\u00edv, er\u0151fejleszt\u0151, funkcion\u00e1lis edz\u00e9s, amelyben szerepet kapnak instabil elemek, a kordin\u00e1ci\u00f3-egyens\u00faly-reakci\u00f3\u00edd\u0151 jav\u00edt\u00e1sa \u00e9rdek\u00e9ben!Az \u00e9letm\u00f3dban, sz\u00e9ls\u0151s\u00e9gek helyett, az \u00e9lhet\u0151 &#8222;balance&#8221; kialak\u00edt\u00e1s\u00e1ra t\u00f6rekszem!\u00c9tkez\u00e9s-edz\u00e9s-regener\u00e1l\u00f3d\u00e1s be\u00e9p\u00edt\u00e9se a p\u00f6rg\u0151s mindennapokban! V\u00c9GZETTS\u00c9GEK &#8211; Fitness Akademia: Stability Workout &#8211; International Wellness Institute: Fitness Instruktor EL\u00c9RHET\u0150S\u00c9GEK E-mail: kgpinto14@gmail.com<\/p>","protected":false},"author":3,"featured_media":0,"parent":0,"menu_order":0,"comment_status":"closed","ping_status":"closed","template":"elementor_header_footer","meta":{"_acf_changed":false,"footnotes":""},"class_list":["post-18129","page","type-page","status-publish","hentry"],"acf":[],"_links":{"self":[{"href":"https:\/\/oxygenwellness.hu\/en\/wp-json\/wp\/v2\/pages\/18129","targetHints":{"allow":["GET"]}}],"collection":[{"href":"https:\/\/oxygenwellness.hu\/en\/wp-json\/wp\/v2\/pages"}],"about":[{"href":"https:\/\/oxygenwellness.hu\/en\/wp-json\/wp\/v2\/types\/page"}],"author":[{"embeddable":true,"href":"https:\/\/oxygenwellness.hu\/en\/wp-json\/wp\/v2\/users\/3"}],"replies":[{"embeddable":true,"href":"https:\/\/oxygenwellness.hu\/en\/wp-json\/wp\/v2\/comments?post=18129"}],"version-history":[{"count":0,"href":"https:\/\/oxygenwellness.hu\/en\/wp-json\/wp\/v2\/pages\/18129\/revisions"}],"wp:attachment":[{"href":"https:\/\/oxygenwellness.hu\/en\/wp-json\/wp\/v2\/media?parent=18129"}],"curies":[{"name":"wp","href":"https:\/\/api.w.org\/{rel}","templated":true}]}}